{"id":873,"date":"2025-05-10T16:15:21","date_gmt":"2025-05-10T14:15:21","guid":{"rendered":"https:\/\/j64ptgbptzy.preview.infomaniak.website\/overeenkomsten\/"},"modified":"2025-08-18T17:54:07","modified_gmt":"2025-08-18T15:54:07","slug":"combinaties","status":"publish","type":"page","link":"https:\/\/comte.be\/nl\/combinaties\/","title":{"rendered":"Combinaties"},"content":{"rendered":"\n<h2 class=\"wp-block-heading\">Verrassende combinaties met Comt\u00e9<\/h2>\n\n<p class=\"introText lefty\">Een proeverij met Comt\u00e9 zal nooit meer hetzelfde zijn.  <br\/>Net als wijn weerspiegelt Comt\u00e9 zijn terroir, rijpingsproces en leeftijd.<\/p>\n\n<p>Vin Jaune wordt historisch gezien als d\u00e9 begeleider van Comt\u00e9, maar we moeten toegeven dat de ideale combinatie zelden universeel is.<\/p>\n\n<p>Het is leuk om te zien dat een kaas die zo complex is als Comt\u00e9, graag wordt gecombineerd met andere wijnen en andere soorten dranken, tot groot plezier van zij die nieuwsgierig zijn naar dit soort van spannende combinaties.<\/p>\n\n<div style=\"height:45px\" aria-hidden=\"true\" class=\"wp-block-spacer\"><\/div>\n\n<div class=\"wp-block-media-text is-stacked-on-mobile polaMedia\" style=\"grid-template-columns:30% auto\"><figure class=\"wp-block-media-text__media\"><img loading=\"lazy\" decoding=\"async\" width=\"350\" height=\"350\" src=\"https:\/\/comte.be\/wp-content\/uploads\/2025\/05\/comte-belgium-accords-biere-d-abbaye.jpg\" alt=\"\" class=\"wp-image-494 size-full\" srcset=\"https:\/\/comte.be\/wp-content\/uploads\/2025\/05\/comte-belgium-accords-biere-d-abbaye.jpg 350w, https:\/\/comte.be\/wp-content\/uploads\/2025\/05\/comte-belgium-accords-biere-d-abbaye-300x300.jpg 300w, https:\/\/comte.be\/wp-content\/uploads\/2025\/05\/comte-belgium-accords-biere-d-abbaye-150x150.jpg 150w\" sizes=\"auto, (max-width: 350px) 100vw, 350px\" \/><\/figure><div class=\"wp-block-media-text__content\">\n<h3 class=\"wp-block-heading\" id=\"0-comt%C3%A9-amp-bi%C3%A8re-dabbaye\">Comt\u00e9 &amp; Abdijbier<\/h3>\n\n\n\n<p>Abdij- of trappistenbier: een <strong>kruidig huwelijk<\/strong> met Comt\u00e9 van <strong>12 maanden<\/strong> oud dat zowel de fruitigheid van de kaas als van het bier, het evenwicht en de sappigheid in de verf zet.<\/p>\n<\/div><\/div>\n\n<div class=\"wp-block-media-text is-stacked-on-mobile polaMedia\" style=\"grid-template-columns:30% auto\"><figure class=\"wp-block-media-text__media\"><img loading=\"lazy\" decoding=\"async\" width=\"468\" height=\"468\" src=\"https:\/\/comte.be\/wp-content\/uploads\/2025\/05\/comte-belgium-accords-biere-a-triple-fermentation.jpg\" alt=\"\" class=\"wp-image-495 size-full\" srcset=\"https:\/\/comte.be\/wp-content\/uploads\/2025\/05\/comte-belgium-accords-biere-a-triple-fermentation.jpg 468w, https:\/\/comte.be\/wp-content\/uploads\/2025\/05\/comte-belgium-accords-biere-a-triple-fermentation-300x300.jpg 300w, https:\/\/comte.be\/wp-content\/uploads\/2025\/05\/comte-belgium-accords-biere-a-triple-fermentation-150x150.jpg 150w\" sizes=\"auto, (max-width: 468px) 100vw, 468px\" \/><\/figure><div class=\"wp-block-media-text__content\">\n<h3 class=\"wp-block-heading\" id=\"1-comt%C3%A9-amp-bi%C3%A8re-%C3%A0-triple-fermentation\">Comt\u00e9 &amp; Bier van hoge gisting<\/h3>\n\n\n\n<p>Comt\u00e9 van <strong>22 maanden<\/strong> oud past goed bij een <strong>bier van hoge gisting<\/strong> zoals Duvel, met subtiele aroma&#8217;s van aromatische kruiden en planten.<\/p>\n<\/div><\/div>\n\n<div class=\"wp-block-media-text is-stacked-on-mobile polaMedia\" style=\"grid-template-columns:30% auto\"><figure class=\"wp-block-media-text__media\"><img loading=\"lazy\" decoding=\"async\" width=\"326\" height=\"326\" src=\"https:\/\/comte.be\/wp-content\/uploads\/2025\/05\/comte-belgium-accords-vin-blanc.jpg\" alt=\"\" class=\"wp-image-501 size-full\" srcset=\"https:\/\/comte.be\/wp-content\/uploads\/2025\/05\/comte-belgium-accords-vin-blanc.jpg 326w, https:\/\/comte.be\/wp-content\/uploads\/2025\/05\/comte-belgium-accords-vin-blanc-300x300.jpg 300w, https:\/\/comte.be\/wp-content\/uploads\/2025\/05\/comte-belgium-accords-vin-blanc-150x150.jpg 150w\" sizes=\"auto, (max-width: 326px) 100vw, 326px\" \/><\/figure><div class=\"wp-block-media-text__content\">\n<h3 class=\"wp-block-heading\" id=\"2-comt%C3%A9-amp-vin-blanc\">Comt\u00e9 &amp; Witte wijn<\/h3>\n\n\n\n<p><strong>Witte wijn<\/strong> gaat goed samen met alle soorten Comt\u00e9. Maar er zijn echt topcombinaties, zoals Comt\u00e9 van <strong>20 maanden oud<\/strong> met een<strong> chardonnay uit de Bourgogne<\/strong>. Het gaat hem om de balans tussen de frisheid van de wijn en de romigheid van de kaas. Misschien geef je de voorkeur aan een <strong>witte wijn uit het zuiden<\/strong>, een wijn uit de <strong>C\u00f4tes du Rh\u00f4ne<\/strong> bijvoorbeeld, waarvan de rondheid en <strong>accenten van gekonfijt fruit en kruiden<\/strong> harmonieus samengaan met de impressies van <strong>bergbloemen in de Comt\u00e9<\/strong>.<\/p>\n<\/div><\/div>\n\n<div class=\"wp-block-media-text is-stacked-on-mobile polaMedia\" style=\"grid-template-columns:30% auto\"><figure class=\"wp-block-media-text__media\"><img loading=\"lazy\" decoding=\"async\" width=\"350\" height=\"350\" src=\"https:\/\/comte.be\/wp-content\/uploads\/2025\/05\/comte-belgium-accords-vin-blanc-d-alsace.jpg\" alt=\"\" class=\"wp-image-500 size-full\" srcset=\"https:\/\/comte.be\/wp-content\/uploads\/2025\/05\/comte-belgium-accords-vin-blanc-d-alsace.jpg 350w, https:\/\/comte.be\/wp-content\/uploads\/2025\/05\/comte-belgium-accords-vin-blanc-d-alsace-300x300.jpg 300w, https:\/\/comte.be\/wp-content\/uploads\/2025\/05\/comte-belgium-accords-vin-blanc-d-alsace-150x150.jpg 150w\" sizes=\"auto, (max-width: 350px) 100vw, 350px\" \/><\/figure><div class=\"wp-block-media-text__content\">\n<h3 class=\"wp-block-heading\" id=\"3-comt%C3%A9-amp-vin-blanc-dalsace\">Comt\u00e9 &amp; Witte wijn uit de Elzas<\/h3>\n\n\n\n<p>In combinatie met Comt\u00e9 van 18 maanden oud brengt een <strong>droge riesling<\/strong> uit <strong>de Elzas<\/strong> de impressies van <strong>gedroogd fruit, amandelen en hazelnoten<\/strong> meer naar voren. Een lichtzoete gewurztraminer maakt een fruitige Comt\u00e9 onweerstaanbaar. Fantastisch is dat de florale aroma&#8217;s van beide erdoor versterkt worden.<\/p>\n<\/div><\/div>\n\n<div class=\"wp-block-media-text is-stacked-on-mobile polaMedia\" style=\"grid-template-columns:30% auto\"><figure class=\"wp-block-media-text__media\"><img loading=\"lazy\" decoding=\"async\" width=\"350\" height=\"350\" src=\"https:\/\/comte.be\/wp-content\/uploads\/2025\/05\/comte-belgium-accords-the-chaud.jpg\" alt=\"\" class=\"wp-image-498 size-full\" srcset=\"https:\/\/comte.be\/wp-content\/uploads\/2025\/05\/comte-belgium-accords-the-chaud.jpg 350w, https:\/\/comte.be\/wp-content\/uploads\/2025\/05\/comte-belgium-accords-the-chaud-300x300.jpg 300w, https:\/\/comte.be\/wp-content\/uploads\/2025\/05\/comte-belgium-accords-the-chaud-150x150.jpg 150w\" sizes=\"auto, (max-width: 350px) 100vw, 350px\" \/><\/figure><div class=\"wp-block-media-text__content\">\n<h3 class=\"wp-block-heading\" id=\"4-comt%C3%A9-amp-th%C3%A9-chaud\">Comt\u00e9 &amp; Warme thee<\/h3>\n\n\n\n<p>Een thee zoals een <strong>Chinese Long Jing groene thee<\/strong> met smaakimpressies van gedroogd fruit, lichtjes gebrand, brengt de honingachtige en melkachtige smaken van een j<strong>onge en fruitige Comt\u00e9 van 10 tot 12 maanden oud<\/strong> naar voren.<\/p>\n<\/div><\/div>\n\n<div class=\"wp-block-media-text is-stacked-on-mobile polaMedia\" style=\"grid-template-columns:30% auto\"><figure class=\"wp-block-media-text__media\"><img loading=\"lazy\" decoding=\"async\" width=\"350\" height=\"350\" src=\"https:\/\/comte.be\/wp-content\/uploads\/2025\/05\/comte-belgium-accords-the-glace.jpg\" alt=\"\" class=\"wp-image-499 size-full\" srcset=\"https:\/\/comte.be\/wp-content\/uploads\/2025\/05\/comte-belgium-accords-the-glace.jpg 350w, https:\/\/comte.be\/wp-content\/uploads\/2025\/05\/comte-belgium-accords-the-glace-300x300.jpg 300w, https:\/\/comte.be\/wp-content\/uploads\/2025\/05\/comte-belgium-accords-the-glace-150x150.jpg 150w\" sizes=\"auto, (max-width: 350px) 100vw, 350px\" \/><\/figure><div class=\"wp-block-media-text__content\">\n<h3 class=\"wp-block-heading\" id=\"5-comt%C3%A9-amp-th%C3%A9-glac%C3%A9\">Comt\u00e9 &amp; IJsthee<\/h3>\n\n\n\n<p>Zelfgemaakte <strong>ijsthee<\/strong> van <strong>zwarte thee uit Sri Lanka<\/strong>, zoals <strong>New Vithanakande<\/strong> met aroma&#8217;s van pruimen en cacao, gaat goed samen met <strong>Comt\u00e9 van 20 tot 24 maanden<\/strong> door zijn pittige en geroosterde accenten.<\/p>\n<\/div><\/div>\n\n<div class=\"wp-block-media-text is-stacked-on-mobile polaMedia\" style=\"grid-template-columns:30% auto\"><figure class=\"wp-block-media-text__media\"><img loading=\"lazy\" decoding=\"async\" width=\"384\" height=\"384\" src=\"https:\/\/comte.be\/wp-content\/uploads\/2025\/05\/comte-belgium-accords-vin-rouge.jpg\" alt=\"\" class=\"wp-image-502 size-full\" srcset=\"https:\/\/comte.be\/wp-content\/uploads\/2025\/05\/comte-belgium-accords-vin-rouge.jpg 384w, https:\/\/comte.be\/wp-content\/uploads\/2025\/05\/comte-belgium-accords-vin-rouge-300x300.jpg 300w, https:\/\/comte.be\/wp-content\/uploads\/2025\/05\/comte-belgium-accords-vin-rouge-150x150.jpg 150w\" sizes=\"auto, (max-width: 384px) 100vw, 384px\" \/><\/figure><div class=\"wp-block-media-text__content\">\n<h3 class=\"wp-block-heading\" id=\"6-comt%C3%A9-amp-vin-rouge\">Comt\u00e9 &amp; Rode wijn<\/h3>\n\n\n\n<p>Enkele geweldige combinaties van Comt\u00e9 met rode wijn. Maar <strong>opgelet voor tannines en houtsmaken<\/strong>, Comt\u00e9 houdt daar niet van. De voorkeur gaat naar <strong>fruitige rode wijnen<\/strong> met een lichte tanninestructuur zoals <strong>op grenache gebaseerde rode wijnen. W<\/strong>ijnen uit de <strong>C\u00f4tes du Rh\u00f4ne<\/strong> (Rasteau, Ch\u00e2teauneuf-du-Pape) en Languedoc Roussillon kunnen voor boeiende combinaties zorgen.<\/p>\n<\/div><\/div>\n\n<div class=\"wp-block-media-text is-stacked-on-mobile polaMedia\" style=\"grid-template-columns:30% auto\"><figure class=\"wp-block-media-text__media\"><img loading=\"lazy\" decoding=\"async\" width=\"350\" height=\"350\" src=\"https:\/\/comte.be\/wp-content\/uploads\/2025\/05\/comte-belgium-accords-cocktails.jpg\" alt=\"\" class=\"wp-image-496 size-full\" srcset=\"https:\/\/comte.be\/wp-content\/uploads\/2025\/05\/comte-belgium-accords-cocktails.jpg 350w, https:\/\/comte.be\/wp-content\/uploads\/2025\/05\/comte-belgium-accords-cocktails-300x300.jpg 300w, https:\/\/comte.be\/wp-content\/uploads\/2025\/05\/comte-belgium-accords-cocktails-150x150.jpg 150w\" sizes=\"auto, (max-width: 350px) 100vw, 350px\" \/><\/figure><div class=\"wp-block-media-text__content\">\n<h3 class=\"wp-block-heading\" id=\"7-comt%C3%A9-amp-cocktails\">Comt\u00e9 &amp; Cocktails<\/h3>\n\n\n\n<p><strong>Gin Tonic en Comt\u00e9 van 22 maanden zorgt voor een ongelooflijke mix van kruiden in de smaak<\/strong>. Een heerlijke combinatie tussen het romige van Comt\u00e9 en het frisse van een cocktail.<\/p>\n<\/div><\/div>\n\n<div class=\"wp-block-media-text is-stacked-on-mobile polaMedia\" style=\"grid-template-columns:30% auto\"><figure class=\"wp-block-media-text__media\"><img loading=\"lazy\" decoding=\"async\" width=\"390\" height=\"390\" src=\"https:\/\/comte.be\/wp-content\/uploads\/2025\/05\/comte-belgium-accords-whisky.jpg\" alt=\"\" class=\"wp-image-503 size-full\" srcset=\"https:\/\/comte.be\/wp-content\/uploads\/2025\/05\/comte-belgium-accords-whisky.jpg 390w, https:\/\/comte.be\/wp-content\/uploads\/2025\/05\/comte-belgium-accords-whisky-300x300.jpg 300w, https:\/\/comte.be\/wp-content\/uploads\/2025\/05\/comte-belgium-accords-whisky-150x150.jpg 150w\" sizes=\"auto, (max-width: 390px) 100vw, 390px\" \/><\/figure><div class=\"wp-block-media-text__content\">\n<h3 class=\"wp-block-heading\" id=\"8-comt%C3%A9-amp-whisky\">Comt\u00e9 &amp; Whisky<\/h3>\n\n\n\n<p>D\u00e9 gelegenheid om Comt\u00e9 te proeven die meer dan <strong>30 maanden<\/strong> gerijpt is, met geroosterde accenten die <strong>goed samengaan met de turfachtige tonen van een whisky,<\/strong> zoals Lagavulin of een minder turfachtige Talisker.<\/p>\n<\/div><\/div>\n\n<div class=\"wp-block-media-text is-stacked-on-mobile polaMedia\" style=\"grid-template-columns:30% auto\"><figure class=\"wp-block-media-text__media\"><img loading=\"lazy\" decoding=\"async\" width=\"350\" height=\"350\" src=\"https:\/\/comte.be\/wp-content\/uploads\/2025\/05\/comte-belgium-accords-sake.jpg\" alt=\"\" class=\"wp-image-497 size-full\" srcset=\"https:\/\/comte.be\/wp-content\/uploads\/2025\/05\/comte-belgium-accords-sake.jpg 350w, https:\/\/comte.be\/wp-content\/uploads\/2025\/05\/comte-belgium-accords-sake-300x300.jpg 300w, https:\/\/comte.be\/wp-content\/uploads\/2025\/05\/comte-belgium-accords-sake-150x150.jpg 150w\" sizes=\"auto, (max-width: 350px) 100vw, 350px\" \/><\/figure><div class=\"wp-block-media-text__content\">\n<h3 class=\"wp-block-heading\" id=\"9-comt%C3%A9-amp-sak%C3%A9\">Comt\u00e9 &amp; Sake<\/h3>\n\n\n\n<p>Een <strong>delicate en verfijnde<\/strong> combinatie is een fruitige Comt\u00e9 <strong>van 12 of 14 maanden<\/strong> oud met een florale<strong> Japanse sake (Ginjo stijl).<\/strong> Maar sake <strong>en Comt\u00e9 van 32 maanden oud<\/strong> is pas echt een <strong>verbazingwekkende ervaring<\/strong>: de rijstwijn lijkt alle aroma&#8217;s van de Comt\u00e9 in detail naar voren te brengen!<\/p>\n<\/div><\/div>\n","protected":false},"excerpt":{"rendered":"<p>Verrassende combinaties met Comt\u00e9 Een proeverij met Comt\u00e9 zal nooit meer hetzelfde zijn. Net als wijn weerspiegelt Comt\u00e9 zijn terroir, rijpingsproces en leeftijd. Vin Jaune wordt historisch gezien als d\u00e9 begeleider van Comt\u00e9, maar we moeten toegeven dat de ideale combinatie zelden universeel is. Het is leuk om te zien dat een kaas die zo [&#8230;]<\/p>\n<p><a class=\"btn btn-secondary understrap-read-more-link\" href=\"https:\/\/comte.be\/nl\/combinaties\/\">Lees verder\u2026<span class=\"screen-reader-text\"> from Combinaties<\/span><\/a><\/p>\n","protected":false},"author":1,"featured_media":0,"parent":0,"menu_order":0,"comment_status":"closed","ping_status":"closed","template":"","meta":{"_acf_changed":false,"advgb_blocks_editor_width":"","advgb_blocks_columns_visual_guide":"","footnotes":""},"class_list":["post-873","page","type-page","status-publish","hentry"],"acf":[],"yoast_head":"<!-- This site is optimized with the Yoast SEO plugin v26.9 - https:\/\/yoast.com\/product\/yoast-seo-wordpress\/ -->\n<title>Combinaties - Comt\u00e9<\/title>\n<meta name=\"robots\" content=\"index, follow, max-snippet:-1, max-image-preview:large, max-video-preview:-1\" \/>\n<link rel=\"canonical\" href=\"https:\/\/comte.be\/accords\/\" \/>\n<meta property=\"og:locale\" content=\"nl_NL\" \/>\n<meta property=\"og:type\" content=\"article\" \/>\n<meta property=\"og:title\" content=\"Combinaties - Comt\u00e9\" \/>\n<meta property=\"og:description\" content=\"Verrassende combinaties met Comt\u00e9 Een proeverij met Comt\u00e9 zal nooit meer hetzelfde zijn. Net als wijn weerspiegelt Comt\u00e9 zijn terroir, rijpingsproces en leeftijd. Vin Jaune wordt historisch gezien als d\u00e9 begeleider van Comt\u00e9, maar we moeten toegeven dat de ideale combinatie zelden universeel is. Het is leuk om te zien dat een kaas die zo [...]Lees verder\u2026 from Combinaties\" \/>\n<meta property=\"og:url\" content=\"https:\/\/comte.be\/accords\/\" \/>\n<meta property=\"og:site_name\" content=\"Comt\u00e9\" \/>\n<meta property=\"article:publisher\" content=\"https:\/\/www.facebook.com\/ComteBelgium\/\" \/>\n<meta property=\"article:modified_time\" content=\"2025-08-18T15:54:07+00:00\" \/>\n<meta property=\"og:image\" content=\"https:\/\/comte.be\/wp-content\/uploads\/2025\/05\/comte-belgium-accords-biere-d-abbaye.jpg\" \/>\n<meta name=\"twitter:card\" content=\"summary_large_image\" \/>\n<meta name=\"twitter:label1\" content=\"Geschatte leestijd\" \/>\n\t<meta name=\"twitter:data1\" content=\"3 minuten\" \/>\n<script type=\"application\/ld+json\" class=\"yoast-schema-graph\">{\"@context\":\"https:\/\/schema.org\",\"@graph\":[{\"@type\":\"WebPage\",\"@id\":\"https:\/\/comte.be\/accords\/\",\"url\":\"https:\/\/comte.be\/accords\/\",\"name\":\"Combinaties - Comt\u00e9\",\"isPartOf\":{\"@id\":\"https:\/\/comte.be\/#website\"},\"primaryImageOfPage\":{\"@id\":\"https:\/\/comte.be\/accords\/#primaryimage\"},\"image\":{\"@id\":\"https:\/\/comte.be\/accords\/#primaryimage\"},\"thumbnailUrl\":\"https:\/\/comte.be\/wp-content\/uploads\/2025\/05\/comte-belgium-accords-biere-d-abbaye.jpg\",\"datePublished\":\"2025-05-10T14:15:21+00:00\",\"dateModified\":\"2025-08-18T15:54:07+00:00\",\"breadcrumb\":{\"@id\":\"https:\/\/comte.be\/accords\/#breadcrumb\"},\"inLanguage\":\"nl-NL\",\"potentialAction\":[{\"@type\":\"ReadAction\",\"target\":[\"https:\/\/comte.be\/accords\/\"]}]},{\"@type\":\"ImageObject\",\"inLanguage\":\"nl-NL\",\"@id\":\"https:\/\/comte.be\/accords\/#primaryimage\",\"url\":\"https:\/\/comte.be\/wp-content\/uploads\/2025\/05\/comte-belgium-accords-biere-d-abbaye.jpg\",\"contentUrl\":\"https:\/\/comte.be\/wp-content\/uploads\/2025\/05\/comte-belgium-accords-biere-d-abbaye.jpg\"},{\"@type\":\"BreadcrumbList\",\"@id\":\"https:\/\/comte.be\/accords\/#breadcrumb\",\"itemListElement\":[{\"@type\":\"ListItem\",\"position\":1,\"name\":\"Accueil\",\"item\":\"https:\/\/comte.be\/nl\/\"},{\"@type\":\"ListItem\",\"position\":2,\"name\":\"Combinaties\"}]},{\"@type\":\"WebSite\",\"@id\":\"https:\/\/comte.be\/#website\",\"url\":\"https:\/\/comte.be\/\",\"name\":\"Comt\u00e9 Belgique\",\"description\":\"\",\"publisher\":{\"@id\":\"https:\/\/comte.be\/#organization\"},\"potentialAction\":[{\"@type\":\"SearchAction\",\"target\":{\"@type\":\"EntryPoint\",\"urlTemplate\":\"https:\/\/comte.be\/?s={search_term_string}\"},\"query-input\":{\"@type\":\"PropertyValueSpecification\",\"valueRequired\":true,\"valueName\":\"search_term_string\"}}],\"inLanguage\":\"nl-NL\"},{\"@type\":\"Organization\",\"@id\":\"https:\/\/comte.be\/#organization\",\"name\":\"Comt\u00e9 Belgique\",\"url\":\"https:\/\/comte.be\/\",\"logo\":{\"@type\":\"ImageObject\",\"inLanguage\":\"nl-NL\",\"@id\":\"https:\/\/comte.be\/#\/schema\/logo\/image\/\",\"url\":\"https:\/\/comte.be\/wp-content\/uploads\/2025\/02\/logo-comte.png\",\"contentUrl\":\"https:\/\/comte.be\/wp-content\/uploads\/2025\/02\/logo-comte.png\",\"width\":254,\"height\":220,\"caption\":\"Comt\u00e9 Belgique\"},\"image\":{\"@id\":\"https:\/\/comte.be\/#\/schema\/logo\/image\/\"},\"sameAs\":[\"https:\/\/www.facebook.com\/ComteBelgium\/\",\"https:\/\/www.instagram.com\/comte_belgium\/\",\"https:\/\/www.youtube.com\/channel\/UCAoMMZlOqRXlS4HdKohE8bA\"]}]}<\/script>\n<!-- \/ Yoast SEO plugin. -->","yoast_head_json":{"title":"Combinaties - Comt\u00e9","robots":{"index":"index","follow":"follow","max-snippet":"max-snippet:-1","max-image-preview":"max-image-preview:large","max-video-preview":"max-video-preview:-1"},"canonical":"https:\/\/comte.be\/accords\/","og_locale":"nl_NL","og_type":"article","og_title":"Combinaties - Comt\u00e9","og_description":"Verrassende combinaties met Comt\u00e9 Een proeverij met Comt\u00e9 zal nooit meer hetzelfde zijn. Net als wijn weerspiegelt Comt\u00e9 zijn terroir, rijpingsproces en leeftijd. Vin Jaune wordt historisch gezien als d\u00e9 begeleider van Comt\u00e9, maar we moeten toegeven dat de ideale combinatie zelden universeel is. Het is leuk om te zien dat een kaas die zo [...]Lees verder\u2026 from Combinaties","og_url":"https:\/\/comte.be\/accords\/","og_site_name":"Comt\u00e9","article_publisher":"https:\/\/www.facebook.com\/ComteBelgium\/","article_modified_time":"2025-08-18T15:54:07+00:00","og_image":[{"url":"https:\/\/comte.be\/wp-content\/uploads\/2025\/05\/comte-belgium-accords-biere-d-abbaye.jpg","type":"","width":"","height":""}],"twitter_card":"summary_large_image","twitter_misc":{"Geschatte leestijd":"3 minuten"},"schema":{"@context":"https:\/\/schema.org","@graph":[{"@type":"WebPage","@id":"https:\/\/comte.be\/accords\/","url":"https:\/\/comte.be\/accords\/","name":"Combinaties - Comt\u00e9","isPartOf":{"@id":"https:\/\/comte.be\/#website"},"primaryImageOfPage":{"@id":"https:\/\/comte.be\/accords\/#primaryimage"},"image":{"@id":"https:\/\/comte.be\/accords\/#primaryimage"},"thumbnailUrl":"https:\/\/comte.be\/wp-content\/uploads\/2025\/05\/comte-belgium-accords-biere-d-abbaye.jpg","datePublished":"2025-05-10T14:15:21+00:00","dateModified":"2025-08-18T15:54:07+00:00","breadcrumb":{"@id":"https:\/\/comte.be\/accords\/#breadcrumb"},"inLanguage":"nl-NL","potentialAction":[{"@type":"ReadAction","target":["https:\/\/comte.be\/accords\/"]}]},{"@type":"ImageObject","inLanguage":"nl-NL","@id":"https:\/\/comte.be\/accords\/#primaryimage","url":"https:\/\/comte.be\/wp-content\/uploads\/2025\/05\/comte-belgium-accords-biere-d-abbaye.jpg","contentUrl":"https:\/\/comte.be\/wp-content\/uploads\/2025\/05\/comte-belgium-accords-biere-d-abbaye.jpg"},{"@type":"BreadcrumbList","@id":"https:\/\/comte.be\/accords\/#breadcrumb","itemListElement":[{"@type":"ListItem","position":1,"name":"Accueil","item":"https:\/\/comte.be\/nl\/"},{"@type":"ListItem","position":2,"name":"Combinaties"}]},{"@type":"WebSite","@id":"https:\/\/comte.be\/#website","url":"https:\/\/comte.be\/","name":"Comt\u00e9 Belgique","description":"","publisher":{"@id":"https:\/\/comte.be\/#organization"},"potentialAction":[{"@type":"SearchAction","target":{"@type":"EntryPoint","urlTemplate":"https:\/\/comte.be\/?s={search_term_string}"},"query-input":{"@type":"PropertyValueSpecification","valueRequired":true,"valueName":"search_term_string"}}],"inLanguage":"nl-NL"},{"@type":"Organization","@id":"https:\/\/comte.be\/#organization","name":"Comt\u00e9 Belgique","url":"https:\/\/comte.be\/","logo":{"@type":"ImageObject","inLanguage":"nl-NL","@id":"https:\/\/comte.be\/#\/schema\/logo\/image\/","url":"https:\/\/comte.be\/wp-content\/uploads\/2025\/02\/logo-comte.png","contentUrl":"https:\/\/comte.be\/wp-content\/uploads\/2025\/02\/logo-comte.png","width":254,"height":220,"caption":"Comt\u00e9 Belgique"},"image":{"@id":"https:\/\/comte.be\/#\/schema\/logo\/image\/"},"sameAs":["https:\/\/www.facebook.com\/ComteBelgium\/","https:\/\/www.instagram.com\/comte_belgium\/","https:\/\/www.youtube.com\/channel\/UCAoMMZlOqRXlS4HdKohE8bA"]}]}},"coauthors":[],"author_meta":{"author_link":"https:\/\/comte.be\/nl\/author\/big-moustache\/","display_name":"Christophe"},"relative_dates":{"created":"Posted 11 maanden ago","modified":"Updated 8 maanden ago"},"absolute_dates":{"created":"Posted on 10 mei 2025","modified":"Updated on 18 augustus 2025"},"absolute_dates_time":{"created":"Posted on 10 mei 2025 16h15","modified":"Updated on 18 augustus 2025 17h54"},"featured_img_caption":"","featured_img":false,"series_order":"","_links":{"self":[{"href":"https:\/\/comte.be\/nl\/wp-json\/wp\/v2\/pages\/873","targetHints":{"allow":["GET"]}}],"collection":[{"href":"https:\/\/comte.be\/nl\/wp-json\/wp\/v2\/pages"}],"about":[{"href":"https:\/\/comte.be\/nl\/wp-json\/wp\/v2\/types\/page"}],"author":[{"embeddable":true,"href":"https:\/\/comte.be\/nl\/wp-json\/wp\/v2\/users\/1"}],"replies":[{"embeddable":true,"href":"https:\/\/comte.be\/nl\/wp-json\/wp\/v2\/comments?post=873"}],"version-history":[{"count":4,"href":"https:\/\/comte.be\/nl\/wp-json\/wp\/v2\/pages\/873\/revisions"}],"predecessor-version":[{"id":1421,"href":"https:\/\/comte.be\/nl\/wp-json\/wp\/v2\/pages\/873\/revisions\/1421"}],"wp:attachment":[{"href":"https:\/\/comte.be\/nl\/wp-json\/wp\/v2\/media?parent=873"}],"curies":[{"name":"wp","href":"https:\/\/api.w.org\/{rel}","templated":true}]}}