{"id":878,"date":"2025-05-10T14:50:35","date_gmt":"2025-05-10T12:50:35","guid":{"rendered":"https:\/\/j64ptgbptzy.preview.infomaniak.website\/de-smaak-van-comte\/"},"modified":"2025-08-18T15:50:20","modified_gmt":"2025-08-18T13:50:20","slug":"de-smaak-van-comte","status":"publish","type":"page","link":"https:\/\/comte.be\/nl\/de-smaak-van-comte\/","title":{"rendered":"De smaak van Comt\u00e9"},"content":{"rendered":"\n<p><\/p>\n\n<div class=\"wp-block-columns is-layout-flex wp-container-core-columns-is-layout-9d6595d7 wp-block-columns-is-layout-flex\">\n<div class=\"wp-block-column is-layout-flow wp-block-column-is-layout-flow\">\n<h2 class=\"wp-block-heading has-text-align-right has-text-color has-link-color wp-elements-dfc791bde2256a8762ea3b5dd29959ff\" style=\"color:#2b6733\">Verschillende soorten Comt\u00e9?<\/h2>\n\n\n\n<h2 class=\"wp-block-heading has-text-align-right\">Zo herken je ze<\/h2>\n<\/div>\n\n\n\n<div class=\"wp-block-column is-layout-flow wp-block-column-is-layout-flow\">\n<h4 class=\"wp-block-heading\">Kleur vertelt je alles<\/h4>\n\n\n\n<p>Kijk eerst naar de kleur van het label. Elk kaaswiel kreeg 20 punten voor zowel smaak als uiterlijk. Resultaat: het label is groen als de score meer dan 14 punten is, en bruin tussen 12 en 14 punten. En daaronder? De kazen worden dan gedeclasseerd.<\/p>\n\n\n\n<div class=\"wp-block-buttons is-layout-flex wp-block-buttons-is-layout-flex\">\n<div class=\"wp-block-button\"><a class=\"wp-block-button__link has-white-color has-text-color has-background has-link-color wp-element-button\" href=\"https:\/\/www.calameo.com\/comte\/read\/0022568700e06e090557b\" style=\"background-color:#2b6733\" target=\"_blank\" rel=\"noreferrer noopener\">Dossier: Wat cre\u00ebert de smaak van Comt\u00e9?<\/a><\/div>\n<\/div>\n<\/div>\n<\/div>\n\n<figure class=\"wp-block-pullquote\"><blockquote><p><strong>De kleur van Comt\u00e9 zegt reeds veel.<\/strong> Vind je dat de kleur intens geel is? Dit wordt &#8216;zomercomt\u00e9&#8217; genoemd, Comt\u00e9 van de zomer dus, omdat de koeien zich hebben kunnen voeden met vers gras, rijk aan caroteen. Vind je dat de kleur eerder wit is? Wellicht is dat een &#8216;wintercomt\u00e9&#8217;, Comt\u00e9 van de winter, waarbij het hooi dat de koeien in de wintermaanden te eten krijgen finesse toevoegt aan de kaas.<\/p><\/blockquote><\/figure>\n\n<div class=\"wp-block-media-text has-media-on-the-right is-stacked-on-mobile polaMedia\"><div class=\"wp-block-media-text__content\">\n<h4 class=\"wp-block-heading\">De smaken en aroma&#8217;s van Comt\u00e9<\/h4>\n\n\n\n<h5 class=\"wp-block-heading\"><strong>Een kwestie van goede smaak<\/strong><\/h5>\n\n\n\n<p>Het is niet makkelijk om alle smaken, aroma&#8217;s en sensaties te beschrijven wanneer je Comt\u00e9 proeft. Elke kaas is uniek en bezit een eigen verhaal. Het is aan jou om dat te ontdekken! Dit zijn een paar factoren die bepalend zijn vooraleer je Comt\u00e9 gaat proeven:<\/p>\n\n\n\n<ul class=\"wp-block-list\">\n<li><strong>Geografische origine.<\/strong> Daar waar de koeien grazen, het gebied, de botanische flora en microflora. Dit alles heeft invloed op de melk!<\/li>\n\n\n\n<li><strong>De tijd van het jaar.<\/strong> De voeding van de koeien varieert al naargelang de tijd van het jaar, waardoor er zomer- en winterkazen van Comt\u00e9 ontstaan.<\/li>\n\n\n\n<li><strong>Kennis.<\/strong> Kaasmakers en kaasrijpers be\u00efnvloeden de Comt\u00e9 door hun technieken, de plaats waar de kaas wordt gemaakt en rijpt, en de zorg die aan de kaas wordt besteed tijdens het hele productieproces.<\/li>\n\n\n\n<li><strong>Kaasrijping.<\/strong> Smaak, aroma en textuur evolueren tijdens de maanden in de rijpingskelder.<\/li>\n<\/ul>\n\n\n\n<p>Concluderend kunnen we stellen dat geen twee Comt\u00e9kazen hetzelfde zijn, omdat tal van factoren een rol spelen. We kunnen niet zeggen dat hij beter is omdat de melk van de zomer of winter is, of dat de leeftijd een referentie of bepalend is: elke kaas is uniek omdat elk rijpingsproces anders is!<\/p>\n\n\n\n<p class=\"has-white-color has-text-color has-background has-link-color wp-elements-df1979262f00fd761c544015df78cc59\" style=\"background-color:#2b6733\"><strong>Belangrijk!<br\/>De kleur van het etiket heeft niets te maken met de leeftijd van de kaas, maar zijn quotering op 20 punten. Comt\u00e9 proef je net zoals goede wijn: eerst de kleur, dan de textuur, vervolgens de geur en tot slot de smaak. <\/strong><\/p>\n<\/div><figure class=\"wp-block-media-text__media\"><a href=\"https:\/\/comte.be\/wp-content\/uploads\/2025\/05\/comte-belgium-la-roue-des-aromes-du-comte.png\"><img loading=\"lazy\" decoding=\"async\" width=\"942\" height=\"942\" src=\"https:\/\/comte.be\/wp-content\/uploads\/2025\/05\/comte-belgium-la-roue-des-aromes-du-comte.png\" alt=\"\" class=\"wp-image-468 size-full\" srcset=\"https:\/\/comte.be\/wp-content\/uploads\/2025\/05\/comte-belgium-la-roue-des-aromes-du-comte.png 942w, https:\/\/comte.be\/wp-content\/uploads\/2025\/05\/comte-belgium-la-roue-des-aromes-du-comte-300x300.png 300w, https:\/\/comte.be\/wp-content\/uploads\/2025\/05\/comte-belgium-la-roue-des-aromes-du-comte-150x150.png 150w, https:\/\/comte.be\/wp-content\/uploads\/2025\/05\/comte-belgium-la-roue-des-aromes-du-comte-768x768.png 768w\" sizes=\"auto, (max-width: 942px) 100vw, 942px\" \/><\/a><\/figure><\/div>\n","protected":false},"excerpt":{"rendered":"<p>Verschillende soorten Comt\u00e9? Zo herken je ze Kleur vertelt je alles Kijk eerst naar de kleur van het label. Elk kaaswiel kreeg 20 punten voor zowel smaak als uiterlijk. Resultaat: het label is groen als de score meer dan 14 punten is, en bruin tussen 12 en 14 punten. En daaronder? De kazen worden dan [&#8230;]<\/p>\n<p><a class=\"btn btn-secondary understrap-read-more-link\" href=\"https:\/\/comte.be\/nl\/de-smaak-van-comte\/\">Lees verder\u2026<span class=\"screen-reader-text\"> from De smaak van Comt\u00e9<\/span><\/a><\/p>\n","protected":false},"author":1,"featured_media":0,"parent":0,"menu_order":0,"comment_status":"closed","ping_status":"closed","template":"","meta":{"_acf_changed":false,"advgb_blocks_editor_width":"","advgb_blocks_columns_visual_guide":"","footnotes":""},"class_list":["post-878","page","type-page","status-publish","hentry"],"acf":[],"yoast_head":"<!-- This site is optimized with the Yoast SEO plugin v26.9 - https:\/\/yoast.com\/product\/yoast-seo-wordpress\/ -->\n<title>De smaak van Comt\u00e9 - Comt\u00e9<\/title>\n<meta name=\"robots\" content=\"index, follow, max-snippet:-1, max-image-preview:large, max-video-preview:-1\" \/>\n<link rel=\"canonical\" href=\"https:\/\/comte.be\/le-gout-du-comte\/\" \/>\n<meta property=\"og:locale\" content=\"nl_NL\" \/>\n<meta property=\"og:type\" content=\"article\" \/>\n<meta property=\"og:title\" content=\"De smaak van Comt\u00e9 - Comt\u00e9\" \/>\n<meta property=\"og:description\" content=\"Verschillende soorten Comt\u00e9? Zo herken je ze Kleur vertelt je alles Kijk eerst naar de kleur van het label. Elk kaaswiel kreeg 20 punten voor zowel smaak als uiterlijk. Resultaat: het label is groen als de score meer dan 14 punten is, en bruin tussen 12 en 14 punten. En daaronder? De kazen worden dan [...]Lees verder\u2026 from De smaak van Comt\u00e9\" \/>\n<meta property=\"og:url\" content=\"https:\/\/comte.be\/le-gout-du-comte\/\" \/>\n<meta property=\"og:site_name\" content=\"Comt\u00e9\" \/>\n<meta property=\"article:publisher\" content=\"https:\/\/www.facebook.com\/ComteBelgium\/\" \/>\n<meta property=\"article:modified_time\" content=\"2025-08-18T13:50:20+00:00\" \/>\n<meta property=\"og:image\" content=\"https:\/\/comte.be\/wp-content\/uploads\/2025\/05\/comte-belgium-la-roue-des-aromes-du-comte.png\" \/>\n<meta name=\"twitter:card\" content=\"summary_large_image\" \/>\n<meta name=\"twitter:label1\" content=\"Geschatte leestijd\" \/>\n\t<meta name=\"twitter:data1\" content=\"2 minuten\" \/>\n<script type=\"application\/ld+json\" class=\"yoast-schema-graph\">{\"@context\":\"https:\/\/schema.org\",\"@graph\":[{\"@type\":\"WebPage\",\"@id\":\"https:\/\/comte.be\/le-gout-du-comte\/\",\"url\":\"https:\/\/comte.be\/le-gout-du-comte\/\",\"name\":\"De smaak van Comt\u00e9 - Comt\u00e9\",\"isPartOf\":{\"@id\":\"https:\/\/comte.be\/#website\"},\"primaryImageOfPage\":{\"@id\":\"https:\/\/comte.be\/le-gout-du-comte\/#primaryimage\"},\"image\":{\"@id\":\"https:\/\/comte.be\/le-gout-du-comte\/#primaryimage\"},\"thumbnailUrl\":\"https:\/\/comte.be\/wp-content\/uploads\/2025\/05\/comte-belgium-la-roue-des-aromes-du-comte.png\",\"datePublished\":\"2025-05-10T12:50:35+00:00\",\"dateModified\":\"2025-08-18T13:50:20+00:00\",\"breadcrumb\":{\"@id\":\"https:\/\/comte.be\/le-gout-du-comte\/#breadcrumb\"},\"inLanguage\":\"nl-NL\",\"potentialAction\":[{\"@type\":\"ReadAction\",\"target\":[\"https:\/\/comte.be\/le-gout-du-comte\/\"]}]},{\"@type\":\"ImageObject\",\"inLanguage\":\"nl-NL\",\"@id\":\"https:\/\/comte.be\/le-gout-du-comte\/#primaryimage\",\"url\":\"https:\/\/comte.be\/wp-content\/uploads\/2025\/05\/comte-belgium-la-roue-des-aromes-du-comte.png\",\"contentUrl\":\"https:\/\/comte.be\/wp-content\/uploads\/2025\/05\/comte-belgium-la-roue-des-aromes-du-comte.png\"},{\"@type\":\"BreadcrumbList\",\"@id\":\"https:\/\/comte.be\/le-gout-du-comte\/#breadcrumb\",\"itemListElement\":[{\"@type\":\"ListItem\",\"position\":1,\"name\":\"Accueil\",\"item\":\"https:\/\/comte.be\/nl\/\"},{\"@type\":\"ListItem\",\"position\":2,\"name\":\"De smaak van Comt\u00e9\"}]},{\"@type\":\"WebSite\",\"@id\":\"https:\/\/comte.be\/#website\",\"url\":\"https:\/\/comte.be\/\",\"name\":\"Comt\u00e9 Belgique\",\"description\":\"\",\"publisher\":{\"@id\":\"https:\/\/comte.be\/#organization\"},\"potentialAction\":[{\"@type\":\"SearchAction\",\"target\":{\"@type\":\"EntryPoint\",\"urlTemplate\":\"https:\/\/comte.be\/?s={search_term_string}\"},\"query-input\":{\"@type\":\"PropertyValueSpecification\",\"valueRequired\":true,\"valueName\":\"search_term_string\"}}],\"inLanguage\":\"nl-NL\"},{\"@type\":\"Organization\",\"@id\":\"https:\/\/comte.be\/#organization\",\"name\":\"Comt\u00e9 Belgique\",\"url\":\"https:\/\/comte.be\/\",\"logo\":{\"@type\":\"ImageObject\",\"inLanguage\":\"nl-NL\",\"@id\":\"https:\/\/comte.be\/#\/schema\/logo\/image\/\",\"url\":\"https:\/\/comte.be\/wp-content\/uploads\/2025\/02\/logo-comte.png\",\"contentUrl\":\"https:\/\/comte.be\/wp-content\/uploads\/2025\/02\/logo-comte.png\",\"width\":254,\"height\":220,\"caption\":\"Comt\u00e9 Belgique\"},\"image\":{\"@id\":\"https:\/\/comte.be\/#\/schema\/logo\/image\/\"},\"sameAs\":[\"https:\/\/www.facebook.com\/ComteBelgium\/\",\"https:\/\/www.instagram.com\/comte_belgium\/\",\"https:\/\/www.youtube.com\/channel\/UCAoMMZlOqRXlS4HdKohE8bA\"]}]}<\/script>\n<!-- \/ Yoast SEO plugin. -->","yoast_head_json":{"title":"De smaak van Comt\u00e9 - Comt\u00e9","robots":{"index":"index","follow":"follow","max-snippet":"max-snippet:-1","max-image-preview":"max-image-preview:large","max-video-preview":"max-video-preview:-1"},"canonical":"https:\/\/comte.be\/le-gout-du-comte\/","og_locale":"nl_NL","og_type":"article","og_title":"De smaak van Comt\u00e9 - Comt\u00e9","og_description":"Verschillende soorten Comt\u00e9? Zo herken je ze Kleur vertelt je alles Kijk eerst naar de kleur van het label. Elk kaaswiel kreeg 20 punten voor zowel smaak als uiterlijk. Resultaat: het label is groen als de score meer dan 14 punten is, en bruin tussen 12 en 14 punten. En daaronder? De kazen worden dan [...]Lees verder\u2026 from De smaak van Comt\u00e9","og_url":"https:\/\/comte.be\/le-gout-du-comte\/","og_site_name":"Comt\u00e9","article_publisher":"https:\/\/www.facebook.com\/ComteBelgium\/","article_modified_time":"2025-08-18T13:50:20+00:00","og_image":[{"url":"https:\/\/comte.be\/wp-content\/uploads\/2025\/05\/comte-belgium-la-roue-des-aromes-du-comte.png","type":"","width":"","height":""}],"twitter_card":"summary_large_image","twitter_misc":{"Geschatte leestijd":"2 minuten"},"schema":{"@context":"https:\/\/schema.org","@graph":[{"@type":"WebPage","@id":"https:\/\/comte.be\/le-gout-du-comte\/","url":"https:\/\/comte.be\/le-gout-du-comte\/","name":"De smaak van Comt\u00e9 - Comt\u00e9","isPartOf":{"@id":"https:\/\/comte.be\/#website"},"primaryImageOfPage":{"@id":"https:\/\/comte.be\/le-gout-du-comte\/#primaryimage"},"image":{"@id":"https:\/\/comte.be\/le-gout-du-comte\/#primaryimage"},"thumbnailUrl":"https:\/\/comte.be\/wp-content\/uploads\/2025\/05\/comte-belgium-la-roue-des-aromes-du-comte.png","datePublished":"2025-05-10T12:50:35+00:00","dateModified":"2025-08-18T13:50:20+00:00","breadcrumb":{"@id":"https:\/\/comte.be\/le-gout-du-comte\/#breadcrumb"},"inLanguage":"nl-NL","potentialAction":[{"@type":"ReadAction","target":["https:\/\/comte.be\/le-gout-du-comte\/"]}]},{"@type":"ImageObject","inLanguage":"nl-NL","@id":"https:\/\/comte.be\/le-gout-du-comte\/#primaryimage","url":"https:\/\/comte.be\/wp-content\/uploads\/2025\/05\/comte-belgium-la-roue-des-aromes-du-comte.png","contentUrl":"https:\/\/comte.be\/wp-content\/uploads\/2025\/05\/comte-belgium-la-roue-des-aromes-du-comte.png"},{"@type":"BreadcrumbList","@id":"https:\/\/comte.be\/le-gout-du-comte\/#breadcrumb","itemListElement":[{"@type":"ListItem","position":1,"name":"Accueil","item":"https:\/\/comte.be\/nl\/"},{"@type":"ListItem","position":2,"name":"De smaak van Comt\u00e9"}]},{"@type":"WebSite","@id":"https:\/\/comte.be\/#website","url":"https:\/\/comte.be\/","name":"Comt\u00e9 Belgique","description":"","publisher":{"@id":"https:\/\/comte.be\/#organization"},"potentialAction":[{"@type":"SearchAction","target":{"@type":"EntryPoint","urlTemplate":"https:\/\/comte.be\/?s={search_term_string}"},"query-input":{"@type":"PropertyValueSpecification","valueRequired":true,"valueName":"search_term_string"}}],"inLanguage":"nl-NL"},{"@type":"Organization","@id":"https:\/\/comte.be\/#organization","name":"Comt\u00e9 Belgique","url":"https:\/\/comte.be\/","logo":{"@type":"ImageObject","inLanguage":"nl-NL","@id":"https:\/\/comte.be\/#\/schema\/logo\/image\/","url":"https:\/\/comte.be\/wp-content\/uploads\/2025\/02\/logo-comte.png","contentUrl":"https:\/\/comte.be\/wp-content\/uploads\/2025\/02\/logo-comte.png","width":254,"height":220,"caption":"Comt\u00e9 Belgique"},"image":{"@id":"https:\/\/comte.be\/#\/schema\/logo\/image\/"},"sameAs":["https:\/\/www.facebook.com\/ComteBelgium\/","https:\/\/www.instagram.com\/comte_belgium\/","https:\/\/www.youtube.com\/channel\/UCAoMMZlOqRXlS4HdKohE8bA"]}]}},"coauthors":[],"author_meta":{"author_link":"https:\/\/comte.be\/nl\/author\/big-moustache\/","display_name":"Christophe"},"relative_dates":{"created":"Posted 12 maanden ago","modified":"Updated 9 maanden ago"},"absolute_dates":{"created":"Posted on 10 mei 2025","modified":"Updated on 18 augustus 2025"},"absolute_dates_time":{"created":"Posted on 10 mei 2025 14h50","modified":"Updated on 18 augustus 2025 15h50"},"featured_img_caption":"","featured_img":false,"series_order":"","_links":{"self":[{"href":"https:\/\/comte.be\/nl\/wp-json\/wp\/v2\/pages\/878","targetHints":{"allow":["GET"]}}],"collection":[{"href":"https:\/\/comte.be\/nl\/wp-json\/wp\/v2\/pages"}],"about":[{"href":"https:\/\/comte.be\/nl\/wp-json\/wp\/v2\/types\/page"}],"author":[{"embeddable":true,"href":"https:\/\/comte.be\/nl\/wp-json\/wp\/v2\/users\/1"}],"replies":[{"embeddable":true,"href":"https:\/\/comte.be\/nl\/wp-json\/wp\/v2\/comments?post=878"}],"version-history":[{"count":4,"href":"https:\/\/comte.be\/nl\/wp-json\/wp\/v2\/pages\/878\/revisions"}],"predecessor-version":[{"id":1524,"href":"https:\/\/comte.be\/nl\/wp-json\/wp\/v2\/pages\/878\/revisions\/1524"}],"wp:attachment":[{"href":"https:\/\/comte.be\/nl\/wp-json\/wp\/v2\/media?parent=878"}],"curies":[{"name":"wp","href":"https:\/\/api.w.org\/{rel}","templated":true}]}}