{"id":883,"date":"2025-03-30T19:16:07","date_gmt":"2025-03-30T17:16:07","guid":{"rendered":"https:\/\/j64ptgbptzy.preview.infomaniak.website\/hoe-het-wordt-gemaakt\/"},"modified":"2025-07-30T12:53:16","modified_gmt":"2025-07-30T10:53:16","slug":"hoe-het-wordt-gemaakt","status":"publish","type":"page","link":"https:\/\/comte.be\/nl\/hoe-het-wordt-gemaakt\/","title":{"rendered":"Hoe Comt\u00e9 wordt gemaakt"},"content":{"rendered":"\n<div class=\"wp-block-media-text has-media-on-the-right is-stacked-on-mobile is-vertically-aligned-top polaMedia\"><div class=\"wp-block-media-text__content\">\n<h3 class=\"wp-block-heading\" id=\"0-dabord-il-y-a-le-lait\">Eerst is er de melk&#8230;<\/h3>\n\n\n\n<p>Het is onmogelijk om over Comt\u00e9 te praten zonder de belangrijkste artisanale producenten te vermelden, de koeien. Zo zijn er de Montb\u00e9liarde, een robuuste koe met een rood-witte vacht, een vredelievend dier met een zachte blik en kalme tred, maar ook de Simmental!<\/p>\n\n\n\n<p>Alleen koeien van Franse runderrassen mogen <strong>de melk produceren die nodig is om Comt\u00e9 te maken<\/strong>.<\/p>\n\n\n\n<p>Deze prachtige dieren voeden zich de hele zomer lang met vers gras in de weiden, waar ze elk minimaal 1,3 hectare ter beschikking hebben, en keren tegen het einde van de herfst terug naar de boerderij.<\/p>\n\n\n\n<p>Tijdens de lange wintermaanden blijft hun dieet traditioneel: alleen hooi is toegestaan en alle soorten gefermenteerd voer, zoals kuilvoer, zijn verboden, net zoals genetisch gemodificeerd voer.<\/p>\n\n\n\n<p>Beloftevolle melk&#8230; <strong>met als resultaat een kaas die doet wegdromen!<\/strong><\/p>\n\n\n\n<p>Een kaaswiel Comt\u00e9 weegt gemiddeld 40 kg, heeft een diameter van 60 cm en is ongeveer 10 cm hoog.<\/p>\n\n\n\n<p>Er is 400 liter melk nodig om een kaaswiel van 40 kg te maken.<\/p>\n<\/div><figure class=\"wp-block-media-text__media\"><img loading=\"lazy\" decoding=\"async\" width=\"900\" height=\"900\" src=\"https:\/\/comte.be\/wp-content\/uploads\/2025\/03\/comte-ambiance-vache-lait-broute.jpg\" alt=\"\" class=\"wp-image-181 size-full\" srcset=\"https:\/\/comte.be\/wp-content\/uploads\/2025\/03\/comte-ambiance-vache-lait-broute.jpg 900w, https:\/\/comte.be\/wp-content\/uploads\/2025\/03\/comte-ambiance-vache-lait-broute-300x300.jpg 300w, https:\/\/comte.be\/wp-content\/uploads\/2025\/03\/comte-ambiance-vache-lait-broute-150x150.jpg 150w, https:\/\/comte.be\/wp-content\/uploads\/2025\/03\/comte-ambiance-vache-lait-broute-768x768.jpg 768w\" sizes=\"auto, (max-width: 900px) 100vw, 900px\" \/><\/figure><\/div>\n\n<div class=\"wp-block-media-text is-stacked-on-mobile is-vertically-aligned-center polaMedia\"><figure class=\"wp-block-media-text__media\"><img loading=\"lazy\" decoding=\"async\" width=\"900\" height=\"900\" src=\"https:\/\/comte.be\/wp-content\/uploads\/2025\/06\/comte-eleveuse-frasne-02.jpg\" alt=\"\" class=\"wp-image-521 size-full\" srcset=\"https:\/\/comte.be\/wp-content\/uploads\/2025\/06\/comte-eleveuse-frasne-02.jpg 900w, https:\/\/comte.be\/wp-content\/uploads\/2025\/06\/comte-eleveuse-frasne-02-300x300.jpg 300w, https:\/\/comte.be\/wp-content\/uploads\/2025\/06\/comte-eleveuse-frasne-02-150x150.jpg 150w, https:\/\/comte.be\/wp-content\/uploads\/2025\/06\/comte-eleveuse-frasne-02-768x768.jpg 768w\" sizes=\"auto, (max-width: 900px) 100vw, 900px\" \/><\/figure><div class=\"wp-block-media-text__content\">\n<h3 class=\"wp-block-heading\" id=\"1-les-%C3%A9leveurs-premiers-acteurs-du-bien-%C3%AAtre-animal\">Boeren, hoofdrolspelers op gebied van dierenwelzijn<\/h3>\n\n\n\n<p>Wanneer koe en boer een hecht duo vormen in een boerderij op menselijke schaal, staat het welzijn van mens en dier centraal, gericht op de kwaliteit van het product.<\/p>\n\n\n\n<p>Een veehouder weet wanneer een koe in de problemen zit: de signalen die ze uitzendt, en die alleen hij kent, kan hij oplossen. Het geheim is het contact tussen mens en dier, en dat van jongs af aan.<\/p>\n<\/div><\/div>\n\n<div class=\"wp-block-media-text has-media-on-the-right is-stacked-on-mobile is-vertically-aligned-center polaMedia\"><div class=\"wp-block-media-text__content\">\n<h3 class=\"wp-block-heading\" id=\"2-une-l%C3%A9gislation-en-vigueur\">Geldende wetgeving<\/h3>\n\n\n\n<p>Dierenwelzijn is gebaseerd op vijf fundamentele vrijheden die wereldwijd zijn vastgelegd:<\/p>\n\n\n\n<ol class=\"wp-block-list\">\n<li>niet lijdend aan honger of dorst, <\/li>\n\n\n\n<li>geen ongemak ervaren, <\/li>\n\n\n\n<li>zorg ontvangen in geval van letsel,  <\/li>\n\n\n\n<li>pijn of ziekte, in staat zijn om het gedrag te vertonen dat eigen is aan zijn soort, en ten slotte <\/li>\n\n\n\n<li>niet lijden aan angst of verdriet.  <\/li>\n<\/ol>\n\n\n\n<p>Producenten in de BOB-regio van Comt\u00e9 maken deze <strong>rechten <\/strong>al jaren tot <strong>hun plichten<\/strong>.<\/p>\n<\/div><figure class=\"wp-block-media-text__media\"><img loading=\"lazy\" decoding=\"async\" width=\"900\" height=\"900\" src=\"https:\/\/comte.be\/wp-content\/uploads\/2025\/06\/comte-belgique-montbeliardes-face-benjamin-becker.jpg\" alt=\"\" class=\"wp-image-522 size-full\" srcset=\"https:\/\/comte.be\/wp-content\/uploads\/2025\/06\/comte-belgique-montbeliardes-face-benjamin-becker.jpg 900w, https:\/\/comte.be\/wp-content\/uploads\/2025\/06\/comte-belgique-montbeliardes-face-benjamin-becker-300x300.jpg 300w, https:\/\/comte.be\/wp-content\/uploads\/2025\/06\/comte-belgique-montbeliardes-face-benjamin-becker-150x150.jpg 150w, https:\/\/comte.be\/wp-content\/uploads\/2025\/06\/comte-belgique-montbeliardes-face-benjamin-becker-768x768.jpg 768w\" sizes=\"auto, (max-width: 900px) 100vw, 900px\" \/><\/figure><\/div>\n\n<div class=\"wp-block-media-text is-stacked-on-mobile is-vertically-aligned-top polaMedia\"><figure class=\"wp-block-media-text__media\"><img loading=\"lazy\" decoding=\"async\" width=\"900\" height=\"901\" src=\"https:\/\/comte.be\/wp-content\/uploads\/2025\/03\/comte-ambiance-lait-cuve.jpg\" alt=\"\" class=\"wp-image-187 size-full\" srcset=\"https:\/\/comte.be\/wp-content\/uploads\/2025\/03\/comte-ambiance-lait-cuve.jpg 900w, https:\/\/comte.be\/wp-content\/uploads\/2025\/03\/comte-ambiance-lait-cuve-300x300.jpg 300w, https:\/\/comte.be\/wp-content\/uploads\/2025\/03\/comte-ambiance-lait-cuve-150x150.jpg 150w, https:\/\/comte.be\/wp-content\/uploads\/2025\/03\/comte-ambiance-lait-cuve-768x769.jpg 768w\" sizes=\"auto, (max-width: 900px) 100vw, 900px\" \/><\/figure><div class=\"wp-block-media-text__content\">\n<h3 class=\"wp-block-heading\" id=\"3-secrets-de-fabrication\">Productiegeheimen<\/h3>\n\n\n\n<p><strong>Al eeuwenlang volgt Comt\u00e9 hetzelfde ritueel. Een korte schets:<\/strong><\/p>\n\n\n\n<p>Elke dag wordt Comt\u00e9 met de hand gemaakt in zo&#8217;n 140 kleine kaasmakerijen in de dorpen die &#8216;fruiti\u00e8res&#8217; worden genoemd. De melk die dagelijks wordt geleverd, wordt razendsnel verwerkt. En dat binnen de 24 uur na het melken, waardoor de natuurlijke flora en dus het aromatische potentieel bewaard blijft. <\/p>\n\n\n\n<div class=\"wp-block-advgb-accordions advgb-accordions-8e7ea844-7d4c-4cb5-bb96-b73d5fe84752 advgb-accordion-wrapper\" data-collapsed=\"true\">\n<div class=\"wp-block-advgb-accordion-item advgb-accordion-item\" style=\"margin-bottom:6px\"><div class=\"advgb-accordion-header\" style=\"background-color:#eaeaea;color:#343a40;border-style:solid;border-width:1px;border-radius:2px\"><span class=\"advgb-accordion-header-icon accordion-state\"><svg class=\"advgb-icon-closed\" fill=\"#343a40\" xmlns=\"https:\/\/www.w3.org\/2000\/svg\" width=\"24\" height=\"24\" viewBox=\"0 0 24 24\"><path opacity=\"0.87\" fill=\"none\" d=\"M24,24H0L0,0l24,0V24z\"><\/path><path d=\"M16.59,8.59L12,13.17L7.41,8.59L6,10l6,6l6-6L16.59,8.59z\"><\/path><\/svg><svg class=\"advgb-icon-opened\" fill=\"#343a40\" xmlns=\"https:\/\/www.w3.org\/2000\/svg\" width=\"24\" height=\"24\" viewBox=\"0 0 24 24\"><path opacity=\"0.87\" fill=\"none\" d=\"M24,24H0L0,0l24,0V24z\"><\/path><path d=\"M7.41,15.41L12,10.83l4.59,4.58L18,14l-6-6l-6,6L7.41,15.41z\"><\/path><\/svg><\/span><h6 class=\"advgb-accordion-header-title\" style=\"color:inherit\">Wat zijn de verschillende stappen tijdens het maken van Comt\u00e9?<\/h6><\/div><div class=\"advgb-accordion-body\" style=\"border-style:solid !important;border-width:1px !important;border-color:undefined !important;border-top:none !important;border-radius:2px !important\">\n<p>De melk wordt in grote koperen vaten gegoten om opgewarmd te worden. De kaasmaker voegt een paar centiliter natuurlijk stremsel toe, waardoor de melk stremt en in wrongel verandert. Met een wrongelsnijder snijdt hij de compacte massa in kleine witte korreltjes, die lang worden omgeroerd en 30 minuten lang worden verwarmd tot 54 graden. De inhoud van de kuip wordt vervolgens afgetapt en in kaasvormen voor Comt\u00e9 gegoten. Het serum (of wei) wordt eruit geperst, zodat alleen de witte melkachtige substantie in de kaasvorm overblijft. Enkele uren later wordt de kaas uit de kaasvorm gehaald en zien we nieuw kaaswiel, nog steeds wit en soepel. Deze jonge kaas wordt enkele weken voorgerijpt in de kelder van de kaasmakerij, waarna hij voor een langer verblijf naar een van de rijpingskelders in de Jura gaat.<\/p>\n<\/div><\/div>\n\n\n\n<div class=\"wp-block-advgb-accordion-item advgb-accordion-item\" style=\"margin-bottom:6px\"><div class=\"advgb-accordion-header\" style=\"background-color:#eaeaea;color:#343a40;border-style:solid;border-width:1px;border-radius:2px\"><span class=\"advgb-accordion-header-icon accordion-state\"><svg class=\"advgb-icon-closed\" fill=\"#343a40\" xmlns=\"https:\/\/www.w3.org\/2000\/svg\" width=\"24\" height=\"24\" viewBox=\"0 0 24 24\"><path opacity=\"0.87\" fill=\"none\" d=\"M24,24H0L0,0l24,0V24z\"><\/path><path d=\"M16.59,8.59L12,13.17L7.41,8.59L6,10l6,6l6-6L16.59,8.59z\"><\/path><\/svg><svg class=\"advgb-icon-opened\" fill=\"#343a40\" xmlns=\"https:\/\/www.w3.org\/2000\/svg\" width=\"24\" height=\"24\" viewBox=\"0 0 24 24\"><path opacity=\"0.87\" fill=\"none\" d=\"M24,24H0L0,0l24,0V24z\"><\/path><path d=\"M7.41,15.41L12,10.83l4.59,4.58L18,14l-6-6l-6,6L7.41,15.41z\"><\/path><\/svg><\/span><h4 class=\"advgb-accordion-header-title\" style=\"color:inherit\">De rijpingskelder, waar de tijd zijn werk doet<\/h4><\/div><div class=\"advgb-accordion-body\" style=\"border-style:solid !important;border-width:1px !important;border-color:undefined !important;border-top:none !important;border-radius:2px !important\">\n<p>Kaas rijpen betekent kaas verfijnen. In de stilte en het duister van een rijpingskelder ondergaat Comt\u00e9 een tweede transformatie. De kaas rust op sparrenhouten planken waar hij intensief wordt verzorgd om de organoleptische ontwikkeling, die zich in de loop van de maanden op natuurlijke wijze voordoet, te stimuleren. Elk kaaswiel wordt regelmatig omgedraaid en ingewreven met zout&#8230; Na een verblijf in de rijpingskelder heeft elke Comt\u00e9 een eigen &#8216;persoonlijkheid&#8217; ontwikkeld, waardoor hij een unieke textuur, kleur en aroma&#8217;s bezit.<\/p>\n<\/div><\/div>\n\n\n\n<div class=\"wp-block-advgb-accordion-item advgb-accordion-item\" style=\"margin-bottom:6px\"><div class=\"advgb-accordion-header\" style=\"background-color:#eaeaea;color:#343a40;border-style:solid;border-width:1px;border-radius:2px\"><span class=\"advgb-accordion-header-icon accordion-state\"><svg class=\"advgb-icon-closed\" fill=\"#343a40\" xmlns=\"https:\/\/www.w3.org\/2000\/svg\" width=\"24\" height=\"24\" viewBox=\"0 0 24 24\"><path opacity=\"0.87\" fill=\"none\" d=\"M24,24H0L0,0l24,0V24z\"><\/path><path d=\"M16.59,8.59L12,13.17L7.41,8.59L6,10l6,6l6-6L16.59,8.59z\"><\/path><\/svg><svg class=\"advgb-icon-opened\" fill=\"#343a40\" xmlns=\"https:\/\/www.w3.org\/2000\/svg\" width=\"24\" height=\"24\" viewBox=\"0 0 24 24\"><path opacity=\"0.87\" fill=\"none\" d=\"M24,24H0L0,0l24,0V24z\"><\/path><path d=\"M7.41,15.41L12,10.83l4.59,4.58L18,14l-6-6l-6,6L7.41,15.41z\"><\/path><\/svg><\/span><h4 class=\"advgb-accordion-header-title\" style=\"color:inherit\">Examen voor elke Comt\u00e9!<\/h4><\/div><div class=\"advgb-accordion-body\" style=\"border-style:solid !important;border-width:1px !important;border-color:undefined !important;border-top:none !important;border-radius:2px !important\">\n<p>Elk kaaswiel ondergaat een test en krijgt een score vooraleer hij op de markt wordt gebracht. Goede studenten (meer dan 14\/20) krijgen een groene band met de vermelding &#8216;Comt\u00e9 extra&#8217;. Doorsnee studenten (tussen 12 en 14\/20) krijgen een bruine band, terwijl middelmatige studenten (minder dan 12\/20) het felbegeerde Comt\u00e9-label niet eens mogen dragen!<\/p>\n<\/div><\/div>\n<\/div>\n<\/div><\/div>\n\n<div class=\"wp-block-columns has-white-color has-text-color has-background has-link-color wp-elements-628b313fc30e5f7709da28837a286e2d is-layout-flex wp-container-core-columns-is-layout-9d6595d7 wp-block-columns-is-layout-flex\" style=\"background:linear-gradient(155deg,rgb(130,173,85) 0%,rgb(62,97,27) 99%)\">\n<div class=\"wp-block-column is-layout-flow wp-block-column-is-layout-flow\">\n<div class=\"wp-block-advgb-count-up advgb-count-up count-up-6ef5e4e7-6f0f-43e3-bd90-b2d02620548f\" style=\"display:flex\"><div class=\"advgb-count-up-columns-one\"><h4 class=\"advgb-count-up-header\"><\/h4><div class=\"advgb-counter\" style=\"font-size:77px\"><span class=\"advgb-counter-number\">327000<\/span><\/div><p class=\"advgb-count-up-desc\">Dit is het gemiddelde aantal liter melk dat elk bedrijf jaarlijks produceert.<\/p><\/div><\/div>\n\n\n\n<div class=\"wp-block-advgb-count-up advgb-count-up count-up-48413875-a44b-4c83-ac15-d26b57d356a1\" style=\"display:flex\"><div class=\"advgb-count-up-columns-one\"><h4 class=\"advgb-count-up-header\"><\/h4><div class=\"advgb-counter\" style=\"font-size:43px\"><span class=\"advgb-counter-number\">20<\/span><\/div><p class=\"advgb-count-up-desc\">Is het aantal liter melk dat elke koe dagelijks produceert.<\/p><\/div><\/div>\n<\/div>\n\n\n\n<div class=\"wp-block-column is-layout-flow wp-block-column-is-layout-flow\">\n<div class=\"wp-block-advgb-count-up advgb-count-up count-up-99807b7d-943b-47d3-b43f-3d4add82440a\" style=\"display:flex\"><div class=\"advgb-count-up-columns-one\"><h4 class=\"advgb-count-up-header\"><\/h4><div class=\"advgb-counter\" style=\"font-size:60px\"><span class=\"advgb-counter-number\">2400<\/span><\/div><p class=\"advgb-count-up-desc\">Familieboerderijen of co\u00f6peraties <br\/>Het aantal boerderijen in Frankrijk.<\/p><\/div><\/div>\n\n\n\n<div class=\"wp-block-advgb-count-up advgb-count-up count-up-0cf85b61-8c55-4819-9c41-96c50cb96f0b\" style=\"display:flex\"><div class=\"advgb-count-up-columns-one\"><h4 class=\"advgb-count-up-header\"><\/h4><div class=\"advgb-counter\" style=\"font-size:43px\"><span class=\"advgb-counter-number\">140<\/span><\/div><p class=\"advgb-count-up-desc\">Kaasmakerijen<\/p><\/div><\/div>\n\n\n\n<div class=\"wp-block-advgb-count-up advgb-count-up count-up-010fa20b-faa3-4089-abe4-4c8f96d5aeb5\" style=\"display:flex\"><div class=\"advgb-count-up-columns-one\"><h4 class=\"advgb-count-up-header\"><\/h4><div class=\"advgb-counter\" style=\"font-size:50px\"><span class=\"advgb-counter-number\">14<\/span><\/div><p class=\"advgb-count-up-desc\">Rijpingskelders<\/p><\/div><\/div>\n<\/div>\n<\/div>\n","protected":false},"excerpt":{"rendered":"<p>Eerst is er de melk&#8230; Het is onmogelijk om over Comt\u00e9 te praten zonder de belangrijkste artisanale producenten te vermelden, de koeien. Zo zijn er de Montb\u00e9liarde, een robuuste koe met een rood-witte vacht, een vredelievend dier met een zachte blik en kalme tred, maar ook de Simmental! Alleen koeien van Franse runderrassen mogen de [&#8230;]<\/p>\n<p><a class=\"btn btn-secondary understrap-read-more-link\" href=\"https:\/\/comte.be\/nl\/hoe-het-wordt-gemaakt\/\">Lees verder\u2026<span class=\"screen-reader-text\"> from Hoe Comt\u00e9 wordt gemaakt<\/span><\/a><\/p>\n","protected":false},"author":1,"featured_media":0,"parent":0,"menu_order":0,"comment_status":"closed","ping_status":"closed","template":"","meta":{"_acf_changed":false,"advgb_blocks_editor_width":"","advgb_blocks_columns_visual_guide":"","footnotes":""},"class_list":["post-883","page","type-page","status-publish","hentry"],"acf":[],"yoast_head":"<!-- This site is optimized with the Yoast SEO plugin v26.9 - https:\/\/yoast.com\/product\/yoast-seo-wordpress\/ -->\n<title>Hoe Comt\u00e9 wordt gemaakt - Comt\u00e9<\/title>\n<meta name=\"robots\" content=\"index, follow, max-snippet:-1, max-image-preview:large, max-video-preview:-1\" \/>\n<link rel=\"canonical\" href=\"https:\/\/comte.be\/sa-fabrication\/\" \/>\n<meta property=\"og:locale\" content=\"nl_NL\" \/>\n<meta property=\"og:type\" content=\"article\" \/>\n<meta property=\"og:title\" content=\"Hoe Comt\u00e9 wordt gemaakt - Comt\u00e9\" \/>\n<meta property=\"og:description\" content=\"Eerst is er de melk&#8230; Het is onmogelijk om over Comt\u00e9 te praten zonder de belangrijkste artisanale producenten te vermelden, de koeien. Zo zijn er de Montb\u00e9liarde, een robuuste koe met een rood-witte vacht, een vredelievend dier met een zachte blik en kalme tred, maar ook de Simmental! Alleen koeien van Franse runderrassen mogen de [...]Lees verder\u2026 from Hoe Comt\u00e9 wordt gemaakt\" \/>\n<meta property=\"og:url\" content=\"https:\/\/comte.be\/sa-fabrication\/\" \/>\n<meta property=\"og:site_name\" content=\"Comt\u00e9\" \/>\n<meta property=\"article:publisher\" content=\"https:\/\/www.facebook.com\/ComteBelgium\/\" \/>\n<meta property=\"article:modified_time\" content=\"2025-07-30T10:53:16+00:00\" \/>\n<meta property=\"og:image\" content=\"https:\/\/comte.be\/wp-content\/uploads\/2025\/03\/comte-ambiance-vache-lait-broute.jpg\" \/>\n<meta name=\"twitter:card\" content=\"summary_large_image\" \/>\n<meta name=\"twitter:label1\" content=\"Geschatte leestijd\" \/>\n\t<meta name=\"twitter:data1\" content=\"3 minuten\" \/>\n<script type=\"application\/ld+json\" class=\"yoast-schema-graph\">{\"@context\":\"https:\/\/schema.org\",\"@graph\":[{\"@type\":\"WebPage\",\"@id\":\"https:\/\/comte.be\/sa-fabrication\/\",\"url\":\"https:\/\/comte.be\/sa-fabrication\/\",\"name\":\"Hoe Comt\u00e9 wordt gemaakt - Comt\u00e9\",\"isPartOf\":{\"@id\":\"https:\/\/comte.be\/#website\"},\"primaryImageOfPage\":{\"@id\":\"https:\/\/comte.be\/sa-fabrication\/#primaryimage\"},\"image\":{\"@id\":\"https:\/\/comte.be\/sa-fabrication\/#primaryimage\"},\"thumbnailUrl\":\"https:\/\/comte.be\/wp-content\/uploads\/2025\/03\/comte-ambiance-vache-lait-broute.jpg\",\"datePublished\":\"2025-03-30T17:16:07+00:00\",\"dateModified\":\"2025-07-30T10:53:16+00:00\",\"breadcrumb\":{\"@id\":\"https:\/\/comte.be\/sa-fabrication\/#breadcrumb\"},\"inLanguage\":\"nl-NL\",\"potentialAction\":[{\"@type\":\"ReadAction\",\"target\":[\"https:\/\/comte.be\/sa-fabrication\/\"]}]},{\"@type\":\"ImageObject\",\"inLanguage\":\"nl-NL\",\"@id\":\"https:\/\/comte.be\/sa-fabrication\/#primaryimage\",\"url\":\"https:\/\/comte.be\/wp-content\/uploads\/2025\/03\/comte-ambiance-vache-lait-broute.jpg\",\"contentUrl\":\"https:\/\/comte.be\/wp-content\/uploads\/2025\/03\/comte-ambiance-vache-lait-broute.jpg\"},{\"@type\":\"BreadcrumbList\",\"@id\":\"https:\/\/comte.be\/sa-fabrication\/#breadcrumb\",\"itemListElement\":[{\"@type\":\"ListItem\",\"position\":1,\"name\":\"Accueil\",\"item\":\"https:\/\/comte.be\/nl\/\"},{\"@type\":\"ListItem\",\"position\":2,\"name\":\"Hoe Comt\u00e9 wordt gemaakt\"}]},{\"@type\":\"WebSite\",\"@id\":\"https:\/\/comte.be\/#website\",\"url\":\"https:\/\/comte.be\/\",\"name\":\"Comt\u00e9 Belgique\",\"description\":\"\",\"publisher\":{\"@id\":\"https:\/\/comte.be\/#organization\"},\"potentialAction\":[{\"@type\":\"SearchAction\",\"target\":{\"@type\":\"EntryPoint\",\"urlTemplate\":\"https:\/\/comte.be\/?s={search_term_string}\"},\"query-input\":{\"@type\":\"PropertyValueSpecification\",\"valueRequired\":true,\"valueName\":\"search_term_string\"}}],\"inLanguage\":\"nl-NL\"},{\"@type\":\"Organization\",\"@id\":\"https:\/\/comte.be\/#organization\",\"name\":\"Comt\u00e9 Belgique\",\"url\":\"https:\/\/comte.be\/\",\"logo\":{\"@type\":\"ImageObject\",\"inLanguage\":\"nl-NL\",\"@id\":\"https:\/\/comte.be\/#\/schema\/logo\/image\/\",\"url\":\"https:\/\/comte.be\/wp-content\/uploads\/2025\/02\/logo-comte.png\",\"contentUrl\":\"https:\/\/comte.be\/wp-content\/uploads\/2025\/02\/logo-comte.png\",\"width\":254,\"height\":220,\"caption\":\"Comt\u00e9 Belgique\"},\"image\":{\"@id\":\"https:\/\/comte.be\/#\/schema\/logo\/image\/\"},\"sameAs\":[\"https:\/\/www.facebook.com\/ComteBelgium\/\",\"https:\/\/www.instagram.com\/comte_belgium\/\",\"https:\/\/www.youtube.com\/channel\/UCAoMMZlOqRXlS4HdKohE8bA\"]}]}<\/script>\n<!-- \/ Yoast SEO plugin. -->","yoast_head_json":{"title":"Hoe Comt\u00e9 wordt gemaakt - Comt\u00e9","robots":{"index":"index","follow":"follow","max-snippet":"max-snippet:-1","max-image-preview":"max-image-preview:large","max-video-preview":"max-video-preview:-1"},"canonical":"https:\/\/comte.be\/sa-fabrication\/","og_locale":"nl_NL","og_type":"article","og_title":"Hoe Comt\u00e9 wordt gemaakt - Comt\u00e9","og_description":"Eerst is er de melk&#8230; Het is onmogelijk om over Comt\u00e9 te praten zonder de belangrijkste artisanale producenten te vermelden, de koeien. Zo zijn er de Montb\u00e9liarde, een robuuste koe met een rood-witte vacht, een vredelievend dier met een zachte blik en kalme tred, maar ook de Simmental! Alleen koeien van Franse runderrassen mogen de [...]Lees verder\u2026 from Hoe Comt\u00e9 wordt gemaakt","og_url":"https:\/\/comte.be\/sa-fabrication\/","og_site_name":"Comt\u00e9","article_publisher":"https:\/\/www.facebook.com\/ComteBelgium\/","article_modified_time":"2025-07-30T10:53:16+00:00","og_image":[{"url":"https:\/\/comte.be\/wp-content\/uploads\/2025\/03\/comte-ambiance-vache-lait-broute.jpg","type":"","width":"","height":""}],"twitter_card":"summary_large_image","twitter_misc":{"Geschatte leestijd":"3 minuten"},"schema":{"@context":"https:\/\/schema.org","@graph":[{"@type":"WebPage","@id":"https:\/\/comte.be\/sa-fabrication\/","url":"https:\/\/comte.be\/sa-fabrication\/","name":"Hoe Comt\u00e9 wordt gemaakt - Comt\u00e9","isPartOf":{"@id":"https:\/\/comte.be\/#website"},"primaryImageOfPage":{"@id":"https:\/\/comte.be\/sa-fabrication\/#primaryimage"},"image":{"@id":"https:\/\/comte.be\/sa-fabrication\/#primaryimage"},"thumbnailUrl":"https:\/\/comte.be\/wp-content\/uploads\/2025\/03\/comte-ambiance-vache-lait-broute.jpg","datePublished":"2025-03-30T17:16:07+00:00","dateModified":"2025-07-30T10:53:16+00:00","breadcrumb":{"@id":"https:\/\/comte.be\/sa-fabrication\/#breadcrumb"},"inLanguage":"nl-NL","potentialAction":[{"@type":"ReadAction","target":["https:\/\/comte.be\/sa-fabrication\/"]}]},{"@type":"ImageObject","inLanguage":"nl-NL","@id":"https:\/\/comte.be\/sa-fabrication\/#primaryimage","url":"https:\/\/comte.be\/wp-content\/uploads\/2025\/03\/comte-ambiance-vache-lait-broute.jpg","contentUrl":"https:\/\/comte.be\/wp-content\/uploads\/2025\/03\/comte-ambiance-vache-lait-broute.jpg"},{"@type":"BreadcrumbList","@id":"https:\/\/comte.be\/sa-fabrication\/#breadcrumb","itemListElement":[{"@type":"ListItem","position":1,"name":"Accueil","item":"https:\/\/comte.be\/nl\/"},{"@type":"ListItem","position":2,"name":"Hoe Comt\u00e9 wordt gemaakt"}]},{"@type":"WebSite","@id":"https:\/\/comte.be\/#website","url":"https:\/\/comte.be\/","name":"Comt\u00e9 Belgique","description":"","publisher":{"@id":"https:\/\/comte.be\/#organization"},"potentialAction":[{"@type":"SearchAction","target":{"@type":"EntryPoint","urlTemplate":"https:\/\/comte.be\/?s={search_term_string}"},"query-input":{"@type":"PropertyValueSpecification","valueRequired":true,"valueName":"search_term_string"}}],"inLanguage":"nl-NL"},{"@type":"Organization","@id":"https:\/\/comte.be\/#organization","name":"Comt\u00e9 Belgique","url":"https:\/\/comte.be\/","logo":{"@type":"ImageObject","inLanguage":"nl-NL","@id":"https:\/\/comte.be\/#\/schema\/logo\/image\/","url":"https:\/\/comte.be\/wp-content\/uploads\/2025\/02\/logo-comte.png","contentUrl":"https:\/\/comte.be\/wp-content\/uploads\/2025\/02\/logo-comte.png","width":254,"height":220,"caption":"Comt\u00e9 Belgique"},"image":{"@id":"https:\/\/comte.be\/#\/schema\/logo\/image\/"},"sameAs":["https:\/\/www.facebook.com\/ComteBelgium\/","https:\/\/www.instagram.com\/comte_belgium\/","https:\/\/www.youtube.com\/channel\/UCAoMMZlOqRXlS4HdKohE8bA"]}]}},"coauthors":[],"author_meta":{"author_link":"https:\/\/comte.be\/nl\/author\/big-moustache\/","display_name":"Christophe"},"relative_dates":{"created":"Posted 1 jaar ago","modified":"Updated 9 maanden ago"},"absolute_dates":{"created":"Posted on 30 maart 2025","modified":"Updated on 30 juli 2025"},"absolute_dates_time":{"created":"Posted on 30 maart 2025 19h16","modified":"Updated on 30 juli 2025 12h53"},"featured_img_caption":"","featured_img":false,"series_order":"","_links":{"self":[{"href":"https:\/\/comte.be\/nl\/wp-json\/wp\/v2\/pages\/883","targetHints":{"allow":["GET"]}}],"collection":[{"href":"https:\/\/comte.be\/nl\/wp-json\/wp\/v2\/pages"}],"about":[{"href":"https:\/\/comte.be\/nl\/wp-json\/wp\/v2\/types\/page"}],"author":[{"embeddable":true,"href":"https:\/\/comte.be\/nl\/wp-json\/wp\/v2\/users\/1"}],"replies":[{"embeddable":true,"href":"https:\/\/comte.be\/nl\/wp-json\/wp\/v2\/comments?post=883"}],"version-history":[{"count":8,"href":"https:\/\/comte.be\/nl\/wp-json\/wp\/v2\/pages\/883\/revisions"}],"predecessor-version":[{"id":1467,"href":"https:\/\/comte.be\/nl\/wp-json\/wp\/v2\/pages\/883\/revisions\/1467"}],"wp:attachment":[{"href":"https:\/\/comte.be\/nl\/wp-json\/wp\/v2\/media?parent=883"}],"curies":[{"name":"wp","href":"https:\/\/api.w.org\/{rel}","templated":true}]}}