{"id":885,"date":"2025-03-30T19:15:22","date_gmt":"2025-03-30T17:15:22","guid":{"rendered":"https:\/\/j64ptgbptzy.preview.infomaniak.website\/de-jura\/"},"modified":"2025-11-23T16:02:14","modified_gmt":"2025-11-23T15:02:14","slug":"de-jura","status":"publish","type":"page","link":"https:\/\/comte.be\/nl\/de-jura\/","title":{"rendered":"De Jura"},"content":{"rendered":"\n<p><\/p>\n\n<div class=\"wp-block-media-text is-stacked-on-mobile is-vertically-aligned-center\" style=\"grid-template-columns:33% auto\"><figure class=\"wp-block-media-text__media\"><img loading=\"lazy\" decoding=\"async\" width=\"856\" height=\"856\" src=\"https:\/\/comte.be\/wp-content\/uploads\/2025\/03\/comte-massif-jurassien-1.jpg\" alt=\"\" class=\"wp-image-179 size-full\" srcset=\"https:\/\/comte.be\/wp-content\/uploads\/2025\/03\/comte-massif-jurassien-1.jpg 856w, https:\/\/comte.be\/wp-content\/uploads\/2025\/03\/comte-massif-jurassien-1-300x300.jpg 300w, https:\/\/comte.be\/wp-content\/uploads\/2025\/03\/comte-massif-jurassien-1-150x150.jpg 150w, https:\/\/comte.be\/wp-content\/uploads\/2025\/03\/comte-massif-jurassien-1-768x768.jpg 768w\" sizes=\"auto, (max-width: 856px) 100vw, 856px\" \/><\/figure><div class=\"wp-block-media-text__content\">\n<p style=\"font-size:24px\">Als een natuurlijke komma langsheen de Frans-Zwitserse grens is het Juragebergte een aangename stop, ver weg van het drukke massatoerisme! Op 4 uur van Brussel, 4,5 uur van Antwerpen en 5,5 uur van Namen ligt het Juragebergte voor je open (3 departementen: Ain, Doubs en Jura).<\/p>\n<\/div><\/div>\n\n<div style=\"height:50px\" aria-hidden=\"true\" class=\"wp-block-spacer\"><\/div>\n\n<div class=\"wp-block-cover alignfull\" style=\"min-height:634px;aspect-ratio:unset;\"><img loading=\"lazy\" decoding=\"async\" width=\"1024\" height=\"576\" class=\"wp-block-cover__image-background wp-image-1159 size-large\" alt=\"\" src=\"https:\/\/comte.be\/wp-content\/uploads\/2025\/06\/comte-belgium-massif-jurassien-pour-tous-1024x576.jpg\" style=\"object-position:46% 39%\" data-object-fit=\"cover\" data-object-position=\"46% 39%\" srcset=\"https:\/\/comte.be\/wp-content\/uploads\/2025\/06\/comte-belgium-massif-jurassien-pour-tous-1024x576.jpg 1024w, https:\/\/comte.be\/wp-content\/uploads\/2025\/06\/comte-belgium-massif-jurassien-pour-tous-300x169.jpg 300w, https:\/\/comte.be\/wp-content\/uploads\/2025\/06\/comte-belgium-massif-jurassien-pour-tous-768x432.jpg 768w, https:\/\/comte.be\/wp-content\/uploads\/2025\/06\/comte-belgium-massif-jurassien-pour-tous-1536x863.jpg 1536w, https:\/\/comte.be\/wp-content\/uploads\/2025\/06\/comte-belgium-massif-jurassien-pour-tous.jpg 1900w\" sizes=\"auto, (max-width: 1024px) 100vw, 1024px\" \/><span aria-hidden=\"true\" class=\"wp-block-cover__background has-black-background-color has-background-dim-30 has-background-dim\"><\/span><div class=\"wp-block-cover__inner-container is-layout-flow wp-block-cover-is-layout-flow\">\n<h2 class=\"wp-block-heading has-white-color has-text-color\" style=\"font-size:64px\">Grote open ruimtes <br\/>waar plaats is voor iedereen!<\/h2>\n\n\n\n<div class=\"wp-block-columns is-layout-flex wp-container-core-columns-is-layout-9d6595d7 wp-block-columns-is-layout-flex\">\n<div class=\"wp-block-column is-layout-flow wp-block-column-is-layout-flow\" style=\"flex-basis:70%\">\n<div style=\"height:41px\" aria-hidden=\"true\" class=\"wp-block-spacer\"><\/div>\n\n\n\n<p class=\"has-white-color has-text-color\">We gaan allemaal om verschillende redenen terug naar de natuur \u2013 en dat is maar goed ook, maar de Jura is bijzonder en heeft echt wel veel te bieden! Voor het eerst besneeuwde landschappen ontdekken, zonder de grote pistes op te gaan, maar misschien toegeven aan de verleiding van het langlaufen? Ga ver weg, ga helemaal tot op het einde, volg het avontuur, ga sporten of haal diep adem in de rustgevende stilte van de natuur, ver weg van alle drukte. Vind jezelf terug, alleen of met je gezin, en geniet van elk moment. En als je voor de natuur komt, kom je ook terug voor de mensen. Sympathieke gastheren en gastvrouwen, ambachtslieden, levensgenieters, sporters, mensen uit de regio met hun aanstekelijke passies en boeiende vaardigheden. De bergen op hun mooist, ruimte zat en in de frisse lucht! Het maakt niet uit wanneer je komt of wie je bent, er is altijd plaats voor jou \u2026 Op naar Comt\u00e9!       <\/p>\n<\/div>\n\n\n\n<div class=\"wp-block-column is-layout-flow wp-block-column-is-layout-flow\"><\/div>\n<\/div>\n<\/div><\/div>\n\n<div style=\"height:40px\" aria-hidden=\"true\" class=\"wp-block-spacer\"><\/div>\n\n<div class=\"wp-block-media-text is-stacked-on-mobile polaMedia\"><figure class=\"wp-block-media-text__media\"><img loading=\"lazy\" decoding=\"async\" width=\"800\" height=\"800\" src=\"https:\/\/comte.be\/wp-content\/uploads\/2025\/06\/comte-belgium-landscape-jura.jpg\" alt=\"\" class=\"wp-image-1161 size-full\" srcset=\"https:\/\/comte.be\/wp-content\/uploads\/2025\/06\/comte-belgium-landscape-jura.jpg 800w, https:\/\/comte.be\/wp-content\/uploads\/2025\/06\/comte-belgium-landscape-jura-300x300.jpg 300w, https:\/\/comte.be\/wp-content\/uploads\/2025\/06\/comte-belgium-landscape-jura-150x150.jpg 150w, https:\/\/comte.be\/wp-content\/uploads\/2025\/06\/comte-belgium-landscape-jura-768x768.jpg 768w\" sizes=\"auto, (max-width: 800px) 100vw, 800px\" \/><\/figure><div class=\"wp-block-media-text__content\">\n<p><\/p>\n\n\n\n<h2 class=\"wp-block-heading\">De start van elke Comt\u00e9<\/h2>\n\n\n\n<p>Het Juragebergte is de <strong>bakermat <\/strong>van elk stukje Comt\u00e9. Onlosmakelijk verbonden met zijn geboortestreek, zorgt Comt\u00e9 voor leven in de Jura:<\/p>\n\n\n\n<ul class=\"wp-block-list\">\n<li>2.400 boerderijen,<\/li>\n\n\n\n<li>Ongeveer 140 kaasmakerijen die bekend staan als &#8216;fruiti\u00e8res&#8217;,<\/li>\n\n\n\n<li>13 rijpingskelders en handelsondernemingen,<\/li>\n<\/ul>\n\n\n\n<p>Als zeer belangrijke economische factor in de Jura, s<strong>peelt Comt\u00e9 een enorm grote rol<\/strong> in de ontwikkeling <strong>van werkgelegenheid<\/strong>, <strong>ruimtelijke<\/strong> ordening, <strong>landschapsonderhoud<\/strong> en <strong>respect voor het milieu<\/strong>.<\/p>\n<\/div><\/div>\n\n<div style=\"height:40px\" aria-hidden=\"true\" class=\"wp-block-spacer\"><\/div>\n\n<div class=\"wp-block-media-text has-media-on-the-right is-stacked-on-mobile polaMedia\"><div class=\"wp-block-media-text__content\">\n<h2 class=\"wp-block-heading\">Les Routes du Comt\u00e9<\/h2>\n\n\n\n<p>In deze lijst vind je alle boerderijen, fruiti\u00e8res en rijpingskelders waar je welkom bent, maar voeg de daad bij het woord en neem snel een van de Routes du Comt\u00e9 &#8211; hoog tijd om Comt\u00e9 te proeven!<\/p>\n\n\n\n<p>Maak kennis met een fabelachtige rijkdom aan natuurlijke, culturele en menselijke pracht!<\/p>\n\n\n\n<div class=\"wp-block-buttons is-layout-flex wp-block-buttons-is-layout-flex\">\n<div class=\"wp-block-button\"><a class=\"wp-block-button__link wp-element-button\" href=\"https:\/\/www.comte.com\/sur-les-routes-du-comte\/\" target=\"_blank\" rel=\"noreferrer noopener\">Ontdek de Routes du Comt\u00e9<\/a><\/div>\n<\/div>\n<\/div><figure class=\"wp-block-media-text__media\"><img loading=\"lazy\" decoding=\"async\" width=\"900\" height=\"900\" src=\"https:\/\/comte.be\/wp-content\/uploads\/2025\/06\/comte-belgium-landscape-jura-02.jpg\" alt=\"\" class=\"wp-image-1163 size-full\" srcset=\"https:\/\/comte.be\/wp-content\/uploads\/2025\/06\/comte-belgium-landscape-jura-02.jpg 900w, https:\/\/comte.be\/wp-content\/uploads\/2025\/06\/comte-belgium-landscape-jura-02-300x300.jpg 300w, https:\/\/comte.be\/wp-content\/uploads\/2025\/06\/comte-belgium-landscape-jura-02-150x150.jpg 150w, https:\/\/comte.be\/wp-content\/uploads\/2025\/06\/comte-belgium-landscape-jura-02-768x768.jpg 768w\" sizes=\"auto, (max-width: 900px) 100vw, 900px\" \/><\/figure><\/div>\n\n<figure class=\"wp-block-gallery has-nested-images columns-default is-cropped wp-block-gallery-1 is-layout-flex wp-block-gallery-is-layout-flex\">\n<figure class=\"wp-block-image size-large\"><a href=\"https:\/\/www.calameo.com\/comte\/read\/002256870df8231b194b2\" target=\"_blank\" rel=\" noreferrer noopener\"><img loading=\"lazy\" decoding=\"async\" width=\"875\" height=\"1024\" data-id=\"1502\" src=\"https:\/\/comte.be\/wp-content\/uploads\/2025\/08\/Carte-des-Routes-du-Comte-2023-360x425mm-4mm-bords-perdus-HD_page-0001-875x1024.jpg\" alt=\"\" class=\"wp-image-1502\" srcset=\"https:\/\/comte.be\/wp-content\/uploads\/2025\/08\/Carte-des-Routes-du-Comte-2023-360x425mm-4mm-bords-perdus-HD_page-0001-875x1024.jpg 875w, https:\/\/comte.be\/wp-content\/uploads\/2025\/08\/Carte-des-Routes-du-Comte-2023-360x425mm-4mm-bords-perdus-HD_page-0001-256x300.jpg 256w, https:\/\/comte.be\/wp-content\/uploads\/2025\/08\/Carte-des-Routes-du-Comte-2023-360x425mm-4mm-bords-perdus-HD_page-0001-768x899.jpg 768w, https:\/\/comte.be\/wp-content\/uploads\/2025\/08\/Carte-des-Routes-du-Comte-2023-360x425mm-4mm-bords-perdus-HD_page-0001-1312x1536.jpg 1312w, https:\/\/comte.be\/wp-content\/uploads\/2025\/08\/Carte-des-Routes-du-Comte-2023-360x425mm-4mm-bords-perdus-HD_page-0001-1749x2048.jpg 1749w\" sizes=\"auto, (max-width: 875px) 100vw, 875px\" \/><\/a><\/figure>\n\n\n\n<figure class=\"wp-block-image size-large\"><a href=\"https:\/\/www.calameo.com\/comte\/read\/002256870df8231b194b2\" target=\"_blank\" rel=\" noreferrer noopener\"><img loading=\"lazy\" decoding=\"async\" width=\"875\" height=\"1024\" data-id=\"1504\" src=\"https:\/\/comte.be\/wp-content\/uploads\/2025\/08\/Carte-des-Routes-du-Comte-2023-360x425mm-4mm-bords-perdus-HD_page-0002-875x1024.jpg\" alt=\"\" class=\"wp-image-1504\" srcset=\"https:\/\/comte.be\/wp-content\/uploads\/2025\/08\/Carte-des-Routes-du-Comte-2023-360x425mm-4mm-bords-perdus-HD_page-0002-875x1024.jpg 875w, https:\/\/comte.be\/wp-content\/uploads\/2025\/08\/Carte-des-Routes-du-Comte-2023-360x425mm-4mm-bords-perdus-HD_page-0002-256x300.jpg 256w, https:\/\/comte.be\/wp-content\/uploads\/2025\/08\/Carte-des-Routes-du-Comte-2023-360x425mm-4mm-bords-perdus-HD_page-0002-768x899.jpg 768w, https:\/\/comte.be\/wp-content\/uploads\/2025\/08\/Carte-des-Routes-du-Comte-2023-360x425mm-4mm-bords-perdus-HD_page-0002-1312x1536.jpg 1312w, https:\/\/comte.be\/wp-content\/uploads\/2025\/08\/Carte-des-Routes-du-Comte-2023-360x425mm-4mm-bords-perdus-HD_page-0002-1749x2048.jpg 1749w\" sizes=\"auto, (max-width: 875px) 100vw, 875px\" \/><\/a><\/figure>\n<\/figure>\n","protected":false},"excerpt":{"rendered":"<p>Als een natuurlijke komma langsheen de Frans-Zwitserse grens is het Juragebergte een aangename stop, ver weg van het drukke massatoerisme! Op 4 uur van Brussel, 4,5 uur van Antwerpen en 5,5 uur van Namen ligt het Juragebergte voor je open (3 departementen: Ain, Doubs en Jura). [&#8230;]<\/p>\n<p><a class=\"btn btn-secondary understrap-read-more-link\" href=\"https:\/\/comte.be\/nl\/de-jura\/\">Lees verder\u2026<span class=\"screen-reader-text\"> from De Jura<\/span><\/a><\/p>\n","protected":false},"author":1,"featured_media":684,"parent":0,"menu_order":0,"comment_status":"closed","ping_status":"closed","template":"","meta":{"_acf_changed":false,"advgb_blocks_editor_width":"","advgb_blocks_columns_visual_guide":"","footnotes":""},"class_list":["post-885","page","type-page","status-publish","has-post-thumbnail","hentry"],"acf":[],"yoast_head":"<!-- This site is optimized with the Yoast SEO plugin v26.9 - https:\/\/yoast.com\/product\/yoast-seo-wordpress\/ -->\n<title>De Jura - Comt\u00e9<\/title>\n<meta name=\"robots\" content=\"index, follow, max-snippet:-1, max-image-preview:large, max-video-preview:-1\" \/>\n<link rel=\"canonical\" href=\"https:\/\/comte.be\/nl\/de-jura\/\" \/>\n<meta property=\"og:locale\" content=\"nl_NL\" \/>\n<meta property=\"og:type\" content=\"article\" \/>\n<meta property=\"og:title\" content=\"De Jura - Comt\u00e9\" \/>\n<meta property=\"og:description\" content=\"Als een natuurlijke komma langsheen de Frans-Zwitserse grens is het Juragebergte een aangename stop, ver weg van het drukke massatoerisme! Op 4 uur van Brussel, 4,5 uur van Antwerpen en 5,5 uur van Namen ligt het Juragebergte voor je open (3 departementen: Ain, Doubs en Jura). [...]Lees verder\u2026 from De Jura\" \/>\n<meta property=\"og:url\" content=\"https:\/\/comte.be\/nl\/de-jura\/\" \/>\n<meta property=\"og:site_name\" content=\"Comt\u00e9\" \/>\n<meta property=\"article:publisher\" content=\"https:\/\/www.facebook.com\/ComteBelgium\/\" \/>\n<meta property=\"article:modified_time\" content=\"2025-11-23T15:02:14+00:00\" \/>\n<meta property=\"og:image\" content=\"https:\/\/comte.be\/wp-content\/uploads\/2025\/03\/comte-ambiance-automne-vue-ciel.jpg\" \/>\n\t<meta property=\"og:image:width\" content=\"1600\" \/>\n\t<meta property=\"og:image:height\" content=\"899\" \/>\n\t<meta property=\"og:image:type\" content=\"image\/jpeg\" \/>\n<meta name=\"twitter:card\" content=\"summary_large_image\" \/>\n<meta name=\"twitter:label1\" content=\"Geschatte leestijd\" \/>\n\t<meta name=\"twitter:data1\" content=\"2 minuten\" \/>\n<script type=\"application\/ld+json\" class=\"yoast-schema-graph\">{\"@context\":\"https:\/\/schema.org\",\"@graph\":[{\"@type\":\"WebPage\",\"@id\":\"https:\/\/comte.be\/nl\/de-jura\/\",\"url\":\"https:\/\/comte.be\/nl\/de-jura\/\",\"name\":\"De Jura - Comt\u00e9\",\"isPartOf\":{\"@id\":\"https:\/\/comte.be\/#website\"},\"primaryImageOfPage\":{\"@id\":\"https:\/\/comte.be\/nl\/de-jura\/#primaryimage\"},\"image\":{\"@id\":\"https:\/\/comte.be\/nl\/de-jura\/#primaryimage\"},\"thumbnailUrl\":\"https:\/\/comte.be\/wp-content\/uploads\/2025\/03\/comte-ambiance-automne-vue-ciel.jpg\",\"datePublished\":\"2025-03-30T17:15:22+00:00\",\"dateModified\":\"2025-11-23T15:02:14+00:00\",\"breadcrumb\":{\"@id\":\"https:\/\/comte.be\/nl\/de-jura\/#breadcrumb\"},\"inLanguage\":\"nl-NL\",\"potentialAction\":[{\"@type\":\"ReadAction\",\"target\":[\"https:\/\/comte.be\/nl\/de-jura\/\"]}]},{\"@type\":\"ImageObject\",\"inLanguage\":\"nl-NL\",\"@id\":\"https:\/\/comte.be\/nl\/de-jura\/#primaryimage\",\"url\":\"https:\/\/comte.be\/wp-content\/uploads\/2025\/03\/comte-ambiance-automne-vue-ciel.jpg\",\"contentUrl\":\"https:\/\/comte.be\/wp-content\/uploads\/2025\/03\/comte-ambiance-automne-vue-ciel.jpg\",\"width\":1600,\"height\":899},{\"@type\":\"BreadcrumbList\",\"@id\":\"https:\/\/comte.be\/nl\/de-jura\/#breadcrumb\",\"itemListElement\":[{\"@type\":\"ListItem\",\"position\":1,\"name\":\"Accueil\",\"item\":\"https:\/\/comte.be\/nl\/\"},{\"@type\":\"ListItem\",\"position\":2,\"name\":\"De Jura\"}]},{\"@type\":\"WebSite\",\"@id\":\"https:\/\/comte.be\/#website\",\"url\":\"https:\/\/comte.be\/\",\"name\":\"Comt\u00e9 Belgique\",\"description\":\"\",\"publisher\":{\"@id\":\"https:\/\/comte.be\/#organization\"},\"potentialAction\":[{\"@type\":\"SearchAction\",\"target\":{\"@type\":\"EntryPoint\",\"urlTemplate\":\"https:\/\/comte.be\/?s={search_term_string}\"},\"query-input\":{\"@type\":\"PropertyValueSpecification\",\"valueRequired\":true,\"valueName\":\"search_term_string\"}}],\"inLanguage\":\"nl-NL\"},{\"@type\":\"Organization\",\"@id\":\"https:\/\/comte.be\/#organization\",\"name\":\"Comt\u00e9 Belgique\",\"url\":\"https:\/\/comte.be\/\",\"logo\":{\"@type\":\"ImageObject\",\"inLanguage\":\"nl-NL\",\"@id\":\"https:\/\/comte.be\/#\/schema\/logo\/image\/\",\"url\":\"https:\/\/comte.be\/wp-content\/uploads\/2025\/02\/logo-comte.png\",\"contentUrl\":\"https:\/\/comte.be\/wp-content\/uploads\/2025\/02\/logo-comte.png\",\"width\":254,\"height\":220,\"caption\":\"Comt\u00e9 Belgique\"},\"image\":{\"@id\":\"https:\/\/comte.be\/#\/schema\/logo\/image\/\"},\"sameAs\":[\"https:\/\/www.facebook.com\/ComteBelgium\/\",\"https:\/\/www.instagram.com\/comte_belgium\/\",\"https:\/\/www.youtube.com\/channel\/UCAoMMZlOqRXlS4HdKohE8bA\"]}]}<\/script>\n<!-- \/ Yoast SEO plugin. -->","yoast_head_json":{"title":"De Jura - Comt\u00e9","robots":{"index":"index","follow":"follow","max-snippet":"max-snippet:-1","max-image-preview":"max-image-preview:large","max-video-preview":"max-video-preview:-1"},"canonical":"https:\/\/comte.be\/nl\/de-jura\/","og_locale":"nl_NL","og_type":"article","og_title":"De Jura - Comt\u00e9","og_description":"Als een natuurlijke komma langsheen de Frans-Zwitserse grens is het Juragebergte een aangename stop, ver weg van het drukke massatoerisme! Op 4 uur van Brussel, 4,5 uur van Antwerpen en 5,5 uur van Namen ligt het Juragebergte voor je open (3 departementen: Ain, Doubs en Jura). [...]Lees verder\u2026 from De Jura","og_url":"https:\/\/comte.be\/nl\/de-jura\/","og_site_name":"Comt\u00e9","article_publisher":"https:\/\/www.facebook.com\/ComteBelgium\/","article_modified_time":"2025-11-23T15:02:14+00:00","og_image":[{"width":1600,"height":899,"url":"https:\/\/comte.be\/wp-content\/uploads\/2025\/03\/comte-ambiance-automne-vue-ciel.jpg","type":"image\/jpeg"}],"twitter_card":"summary_large_image","twitter_misc":{"Geschatte leestijd":"2 minuten"},"schema":{"@context":"https:\/\/schema.org","@graph":[{"@type":"WebPage","@id":"https:\/\/comte.be\/nl\/de-jura\/","url":"https:\/\/comte.be\/nl\/de-jura\/","name":"De Jura - Comt\u00e9","isPartOf":{"@id":"https:\/\/comte.be\/#website"},"primaryImageOfPage":{"@id":"https:\/\/comte.be\/nl\/de-jura\/#primaryimage"},"image":{"@id":"https:\/\/comte.be\/nl\/de-jura\/#primaryimage"},"thumbnailUrl":"https:\/\/comte.be\/wp-content\/uploads\/2025\/03\/comte-ambiance-automne-vue-ciel.jpg","datePublished":"2025-03-30T17:15:22+00:00","dateModified":"2025-11-23T15:02:14+00:00","breadcrumb":{"@id":"https:\/\/comte.be\/nl\/de-jura\/#breadcrumb"},"inLanguage":"nl-NL","potentialAction":[{"@type":"ReadAction","target":["https:\/\/comte.be\/nl\/de-jura\/"]}]},{"@type":"ImageObject","inLanguage":"nl-NL","@id":"https:\/\/comte.be\/nl\/de-jura\/#primaryimage","url":"https:\/\/comte.be\/wp-content\/uploads\/2025\/03\/comte-ambiance-automne-vue-ciel.jpg","contentUrl":"https:\/\/comte.be\/wp-content\/uploads\/2025\/03\/comte-ambiance-automne-vue-ciel.jpg","width":1600,"height":899},{"@type":"BreadcrumbList","@id":"https:\/\/comte.be\/nl\/de-jura\/#breadcrumb","itemListElement":[{"@type":"ListItem","position":1,"name":"Accueil","item":"https:\/\/comte.be\/nl\/"},{"@type":"ListItem","position":2,"name":"De Jura"}]},{"@type":"WebSite","@id":"https:\/\/comte.be\/#website","url":"https:\/\/comte.be\/","name":"Comt\u00e9 Belgique","description":"","publisher":{"@id":"https:\/\/comte.be\/#organization"},"potentialAction":[{"@type":"SearchAction","target":{"@type":"EntryPoint","urlTemplate":"https:\/\/comte.be\/?s={search_term_string}"},"query-input":{"@type":"PropertyValueSpecification","valueRequired":true,"valueName":"search_term_string"}}],"inLanguage":"nl-NL"},{"@type":"Organization","@id":"https:\/\/comte.be\/#organization","name":"Comt\u00e9 Belgique","url":"https:\/\/comte.be\/","logo":{"@type":"ImageObject","inLanguage":"nl-NL","@id":"https:\/\/comte.be\/#\/schema\/logo\/image\/","url":"https:\/\/comte.be\/wp-content\/uploads\/2025\/02\/logo-comte.png","contentUrl":"https:\/\/comte.be\/wp-content\/uploads\/2025\/02\/logo-comte.png","width":254,"height":220,"caption":"Comt\u00e9 Belgique"},"image":{"@id":"https:\/\/comte.be\/#\/schema\/logo\/image\/"},"sameAs":["https:\/\/www.facebook.com\/ComteBelgium\/","https:\/\/www.instagram.com\/comte_belgium\/","https:\/\/www.youtube.com\/channel\/UCAoMMZlOqRXlS4HdKohE8bA"]}]}},"coauthors":[],"author_meta":{"author_link":"https:\/\/comte.be\/nl\/author\/big-moustache\/","display_name":"Christophe"},"relative_dates":{"created":"Posted 1 jaar ago","modified":"Updated 5 maanden ago"},"absolute_dates":{"created":"Posted on 30 maart 2025","modified":"Updated on 23 november 2025"},"absolute_dates_time":{"created":"Posted on 30 maart 2025 19h15","modified":"Updated on 23 november 2025 16h02"},"featured_img_caption":"","featured_img":"https:\/\/comte.be\/wp-content\/uploads\/2025\/03\/comte-ambiance-automne-vue-ciel.jpg","series_order":"","_links":{"self":[{"href":"https:\/\/comte.be\/nl\/wp-json\/wp\/v2\/pages\/885","targetHints":{"allow":["GET"]}}],"collection":[{"href":"https:\/\/comte.be\/nl\/wp-json\/wp\/v2\/pages"}],"about":[{"href":"https:\/\/comte.be\/nl\/wp-json\/wp\/v2\/types\/page"}],"author":[{"embeddable":true,"href":"https:\/\/comte.be\/nl\/wp-json\/wp\/v2\/users\/1"}],"replies":[{"embeddable":true,"href":"https:\/\/comte.be\/nl\/wp-json\/wp\/v2\/comments?post=885"}],"version-history":[{"count":8,"href":"https:\/\/comte.be\/nl\/wp-json\/wp\/v2\/pages\/885\/revisions"}],"predecessor-version":[{"id":12127,"href":"https:\/\/comte.be\/nl\/wp-json\/wp\/v2\/pages\/885\/revisions\/12127"}],"wp:featuredmedia":[{"embeddable":true,"href":"https:\/\/comte.be\/nl\/wp-json\/wp\/v2\/media\/684"}],"wp:attachment":[{"href":"https:\/\/comte.be\/nl\/wp-json\/wp\/v2\/media?parent=885"}],"curies":[{"name":"wp","href":"https:\/\/api.w.org\/{rel}","templated":true}]}}